{"id":426,"date":"2020-12-22T12:32:59","date_gmt":"2020-12-22T12:32:59","guid":{"rendered":"https:\/\/lenguas.nuevo.unicen.edu.ar\/?page_id=426"},"modified":"2026-02-25T18:13:15","modified_gmt":"2026-02-25T18:13:15","slug":"cursos","status":"publish","type":"page","link":"https:\/\/lenguas.unicen.edu.ar\/?page_id=426","title":{"rendered":"Cursos"},"content":{"rendered":"\t\t<div data-elementor-type=\"wp-page\" data-elementor-id=\"426\" class=\"elementor elementor-426\">\n\t\t\t\t\t\t<section class=\"elementor-section elementor-top-section elementor-element elementor-element-7144ae74 elementor-section-boxed elementor-section-height-default elementor-section-height-default\" data-id=\"7144ae74\" data-element_type=\"section\">\n\t\t\t\t\t\t<div class=\"elementor-container elementor-column-gap-default\">\n\t\t\t\t\t<div class=\"elementor-column elementor-col-100 elementor-top-column elementor-element elementor-element-3f460fca\" data-id=\"3f460fca\" data-element_type=\"column\">\n\t\t\t<div class=\"elementor-widget-wrap elementor-element-populated\">\n\t\t\t\t\t\t<div class=\"elementor-element elementor-element-414c5d elementor-widget elementor-widget-text-editor\" data-id=\"414c5d\" data-element_type=\"widget\" data-widget_type=\"text-editor.default\">\n\t\t\t\t<div class=\"elementor-widget-container\">\n\t\t\t\t\t\t\t<h3 style=\"text-align: center;\">\u00a0<\/h3><p>Los cursos de Espa\u00f1ol para Extranjeros est\u00e1n basados en una concepci\u00f3n pluriling\u00fce seg\u00fan la cual las lenguas constituyen instrumentos de conocimiento y de apertura cultural. Por ello se brinda a los estudiantes extranjeros la oportunidad de aprender la lengua en un pa\u00eds hispanohablante y con profesores nativos. Con el prop\u00f3sito de integrar destrezas ling\u00fc\u00edsticas y estimular las capacidades comunicativas, los cursos proveen herramientas para comunicarse por escrito y en forma oral en situaciones cotidianas, acad\u00e9micas y laborales.<\/p><p>Plan de estudios: <span style=\"font-weight: 400;\">8 niveles de 60 horas reloj cada uno<\/span><\/p><p>Clases semanales (carga horaria de 4 horas):<\/p><p>&#8211; 2 encuentros de 90 minutos cada uno<\/p><p>&#8211; 1 hora virtual acompa\u00f1ada por el docente a cargo del curso<\/p><p>La oferta incluye tambi\u00e9n\u00a0 cursos on line con encuentros por videollamada\u00a0 y trabajos individuales orales y escritos en la plataforma\u00a0 moodle Unipedia.<\/p><p>Respecto de los niveles establecidos, los niveles del \u00e1rea de espa\u00f1ol se corresponden con los niveles de lengua establecidos por el Marco Com\u00fan Europeo de Referencia para las Lenguas: Aprendizaje, Ense\u00f1anza, Evaluaci\u00f3n del Consejo de Europa y con los niveles de proficiencia establecidos por el examen internacional CELU\u00a0 del Consorcio Interuniversitario ELSE de Argentina.<\/p><p>Se espera que, al finalizar el recorrido de los 8 niveles del Departamento de Lenguas de la UNICEN, el alumno pueda desempe\u00f1arse c\u00f3moda y espont\u00e1neamente en la lengua espa\u00f1ola en una amplia gama de situaciones familiares y sociales, en el \u00e1mbito laboral y acad\u00e9mico.<\/p><p>A continuaci\u00f3n se muestra un cuadro con las especificaciones de la duraci\u00f3n completa del plan de estudios\u00a0 propuesto.<\/p><table><tbody><tr><td><p><span style=\"font-weight: 400;\">Niveles UNICEN<\/span><\/p><\/td><td><p><span style=\"font-weight: 400;\">Marco de referencia Europeo<\/span><\/p><\/td><td><p><span style=\"font-weight: 400;\">Niveles que acredita CELU<\/span><\/p><\/td><td><p><span style=\"font-weight: 400;\">Duraci\u00f3n en hs reloj<\/span><\/p><\/td><\/tr><tr><td><p><span style=\"font-weight: 400;\">Principiante<\/span><\/p><\/td><td><p><span style=\"font-weight: 400;\">A1<\/span><\/p><\/td><td>\u00a0<\/td><td><p><span style=\"font-weight: 400;\">60<\/span><\/p><\/td><\/tr><tr><td><p><span style=\"font-weight: 400;\">Elemental<\/span><\/p><\/td><td><p><span style=\"font-weight: 400;\">A2<\/span><\/p><\/td><td>\u00a0<\/td><td><p><span style=\"font-weight: 400;\">60\u00a0<\/span><\/p><\/td><\/tr><tr><td><p><span style=\"font-weight: 400;\">Pre intermedio<\/span><\/p><\/td><td rowspan=\"2\"><p><span style=\"font-weight: 400;\">B1<\/span><\/p><\/td><td>\u00a0<\/td><td><p><span style=\"font-weight: 400;\">60\u00a0<\/span><\/p><\/td><\/tr><tr><td><p><span style=\"font-weight: 400;\">Intermedio 1<\/span><\/p><\/td><td>\u00a0<\/td><td><p><span style=\"font-weight: 400;\">60\u00a0<\/span><\/p><\/td><\/tr><tr><td><p><span style=\"font-weight: 400;\">Intermedio 2<\/span><\/p><\/td><td rowspan=\"2\"><p><span style=\"font-weight: 400;\">B2<\/span><\/p><\/td><td><p><span style=\"font-weight: 400;\">Intermedio<\/span><\/p><\/td><td><p><span style=\"font-weight: 400;\">60\u00a0<\/span><\/p><\/td><\/tr><tr><td><p><span style=\"font-weight: 400;\">Intermedio Alto 1<\/span><\/p><\/td><td><p><span style=\"font-weight: 400;\">Intermedio Alto<\/span><\/p><\/td><td><p><span style=\"font-weight: 400;\">60\u00a0<\/span><\/p><\/td><\/tr><tr><td><p><span style=\"font-weight: 400;\">Intermedio Alto 2<\/span><\/p><\/td><td><p><span style=\"font-weight: 400;\">C1<\/span><\/p><\/td><td><p><span style=\"font-weight: 400;\">Avanzado<\/span><\/p><\/td><td><p><span style=\"font-weight: 400;\">60\u00a0<\/span><\/p><\/td><\/tr><tr><td><p><span style=\"font-weight: 400;\">Avanzado<\/span><\/p><\/td><td>\u00a0<\/td><td>\u00a0<\/td><td><p><span style=\"font-weight: 400;\">60\u00a0<\/span><\/p><\/td><\/tr><tr><td><p><span style=\"font-weight: 400;\">Curso completo<\/span><\/p><\/td><td>\u00a0<\/td><td>\u00a0<\/td><td><p><span style=\"font-weight: 400;\">480 horas\u00a0<\/span><\/p><\/td><\/tr><\/tbody><\/table>\t\t\t\t\t\t<\/div>\n\t\t\t\t<\/div>\n\t\t\t\t\t<\/div>\n\t\t<\/div>\n\t\t\t\t\t<\/div>\n\t\t<\/section>\n\t\t\t\t<section class=\"elementor-section elementor-top-section elementor-element elementor-element-71bf230 elementor-section-boxed elementor-section-height-default elementor-section-height-default\" data-id=\"71bf230\" data-element_type=\"section\">\n\t\t\t\t\t\t<div class=\"elementor-container elementor-column-gap-default\">\n\t\t\t\t\t<div class=\"elementor-column elementor-col-100 elementor-top-column elementor-element elementor-element-88b1450\" data-id=\"88b1450\" data-element_type=\"column\">\n\t\t\t<div class=\"elementor-widget-wrap elementor-element-populated\">\n\t\t\t\t\t\t<div class=\"elementor-element elementor-element-47b31e4 elementor-widget elementor-widget-text-editor\" data-id=\"47b31e4\" data-element_type=\"widget\" data-widget_type=\"text-editor.default\">\n\t\t\t\t<div class=\"elementor-widget-container\">\n\t\t\t\t\t\t\t<h3>\u00a0 \u00a0 \u00a0 \u00a0 \u00a0 \u00a0 \u00a0 \u00a0 \u00a0 \u00a0 \u00a0 \u00a0 \u00a0 \u00a0 \u00a0 \u00a0 \u00a0 \u00a0 \u00a0 \u00a0 \u00a0 \u00a0 \u00a0 \u00a0 \u00a0 \u00a0 \u00a0 \u00a0 \u00a0 \u00a0 \u00a0 \u00a0 \u00a0 \u00a0 \u00a0 \u00a0 \u00a0 \u00a0 \u00a0 \u00a0 \u00a0<\/h3>\t\t\t\t\t\t<\/div>\n\t\t\t\t<\/div>\n\t\t\t\t\t<\/div>\n\t\t<\/div>\n\t\t\t\t\t<\/div>\n\t\t<\/section>\n\t\t\t\t<\/div>\n\t\t","protected":false},"excerpt":{"rendered":"<p>\u00a0 Los cursos de Espa\u00f1ol para Extranjeros est\u00e1n basados en una concepci\u00f3n pluriling\u00fce seg\u00fan la cual las lenguas constituyen instrumentos de conocimiento y de apertura cultural. Por ello se brinda a los estudiantes extranjeros la oportunidad de aprender la lengua en un pa\u00eds hispanohablante y con profesores nativos. Con el prop\u00f3sito de integrar destrezas ling\u00fc\u00edsticas y estimular las capacidades comunicativas, [&hellip;]<\/p>\n","protected":false},"author":1,"featured_media":0,"parent":0,"menu_order":0,"comment_status":"closed","ping_status":"closed","template":"page-templates\/full-width-container.php","meta":{"footnotes":""},"class_list":["post-426","page","type-page","status-publish","hentry"],"_links":{"self":[{"href":"https:\/\/lenguas.unicen.edu.ar\/index.php?rest_route=\/wp\/v2\/pages\/426","targetHints":{"allow":["GET"]}}],"collection":[{"href":"https:\/\/lenguas.unicen.edu.ar\/index.php?rest_route=\/wp\/v2\/pages"}],"about":[{"href":"https:\/\/lenguas.unicen.edu.ar\/index.php?rest_route=\/wp\/v2\/types\/page"}],"author":[{"embeddable":true,"href":"https:\/\/lenguas.unicen.edu.ar\/index.php?rest_route=\/wp\/v2\/users\/1"}],"replies":[{"embeddable":true,"href":"https:\/\/lenguas.unicen.edu.ar\/index.php?rest_route=%2Fwp%2Fv2%2Fcomments&post=426"}],"version-history":[{"count":27,"href":"https:\/\/lenguas.unicen.edu.ar\/index.php?rest_route=\/wp\/v2\/pages\/426\/revisions"}],"predecessor-version":[{"id":3862,"href":"https:\/\/lenguas.unicen.edu.ar\/index.php?rest_route=\/wp\/v2\/pages\/426\/revisions\/3862"}],"wp:attachment":[{"href":"https:\/\/lenguas.unicen.edu.ar\/index.php?rest_route=%2Fwp%2Fv2%2Fmedia&parent=426"}],"curies":[{"name":"wp","href":"https:\/\/api.w.org\/{rel}","templated":true}]}}