{"id":330,"date":"2020-12-14T15:28:23","date_gmt":"2020-12-14T15:28:23","guid":{"rendered":"https:\/\/lenguas.nuevo.unicen.edu.ar\/?page_id=330"},"modified":"2026-03-18T15:19:34","modified_gmt":"2026-03-18T15:19:34","slug":"formulario-de-inscripcion","status":"publish","type":"page","link":"https:\/\/lenguas.unicen.edu.ar\/?page_id=330","title":{"rendered":"Cursadas"},"content":{"rendered":"\t\t<div data-elementor-type=\"wp-page\" data-elementor-id=\"330\" class=\"elementor elementor-330\">\n\t\t\t\t\t\t<section class=\"elementor-section elementor-top-section elementor-element elementor-element-8900e6c elementor-section-boxed elementor-section-height-default elementor-section-height-default\" data-id=\"8900e6c\" data-element_type=\"section\">\n\t\t\t\t\t\t<div class=\"elementor-container elementor-column-gap-default\">\n\t\t\t\t\t<div class=\"elementor-column elementor-col-100 elementor-top-column elementor-element elementor-element-9116f74\" data-id=\"9116f74\" data-element_type=\"column\">\n\t\t\t<div class=\"elementor-widget-wrap elementor-element-populated\">\n\t\t\t\t\t\t<div class=\"elementor-element elementor-element-8c1dd96 elementor-widget elementor-widget-heading\" data-id=\"8c1dd96\" data-element_type=\"widget\" data-widget_type=\"heading.default\">\n\t\t\t\t<div class=\"elementor-widget-container\">\n\t\t\t<h2 class=\"elementor-heading-title elementor-size-default\">Per\u00edodo de inscripci\u00f3n y requisitos<\/h2>\t\t<\/div>\n\t\t\t\t<\/div>\n\t\t\t\t<div class=\"elementor-element elementor-element-a2b3d8b elementor-widget elementor-widget-text-editor\" data-id=\"a2b3d8b\" data-element_type=\"widget\" data-widget_type=\"text-editor.default\">\n\t\t\t\t<div class=\"elementor-widget-container\">\n\t\t\t\t\t\t\t<div><h3 style=\"text-align: center;\"><span style=\"color: #000080;\">Per\u00edodo de inscripci\u00f3n 2026: del 9 de febrero al 13 de marzo<\/span><\/h3><p style=\"text-align: center;\"><span style=\"color: #ff0000;\"><strong>INSCRIPCIONES FINALIZADAS<\/strong><\/span><\/p><h3><b style=\"color: var( --e-global-color-text ); font-family: var( --e-global-typography-text-font-family ), Sans-serif;\">Requisitos<\/b><span style=\"color: var( --e-global-color-text ); font-family: var( --e-global-typography-text-font-family ), Sans-serif;\">:\u00a0<\/span><\/h3><ul><li><h4>Tener 16 a\u00f1os o cumplirlos dentro del a\u00f1o en curso.<\/h4><\/li><li><h4>Completar el formulario de inscripci\u00f3n con todos los datos solicitados.<\/h4><\/li><li><h4>Aquellos nuevos aspirantes que tengan conocimientos previos sobre el idioma y quieran comenzar desde un nivel m\u00e1s avanzado, deber\u00e1n realizar un <a href=\"https:\/\/lenguas.unicen.edu.ar\/?page_id=131\">Test de Nivel<\/a>.<\/h4><\/li><li><h4>Abonar la matr\u00edcula anual para efectivizar la inscripci\u00f3n y enviar comprobante de pago a sec_lenguas@rec.unicen.edu.ar<\/h4><\/li><li><h4>Tener las cuotas mensuales de a\u00f1os anteriores al d\u00eda (para alumnos que ya cursaron en el Departamento de Lenguas)<\/h4><\/li><\/ul><div><b>\u00a0<\/b><\/div><div>\u00a0<\/div><div>\u00a0<\/div><div>\u00a0<\/div><p style=\"text-align: center;\"><a href=\"https:\/\/drive.google.com\/file\/d\/1FdWfEsS2lG5EeGf03j7JbBCTmDAW4W52\/view?usp=sharing\">Ver Calendario Acad\u00e9mico 2026<\/a><\/p><p style=\"text-align: center;\"><a href=\"https:\/\/drive.google.com\/file\/d\/1R_R9W1A7tGHzi24pShvw49ZiJbDABeK5\/view?usp=sharing\">Ver Horarios cursos presenciales\/virtuales 2026<\/a><\/p><\/div><p style=\"text-align: center;\">\u00a0<\/p>\t\t\t\t\t\t<\/div>\n\t\t\t\t<\/div>\n\t\t\t\t<div class=\"elementor-element elementor-element-c222d5b elementor-widget elementor-widget-html\" data-id=\"c222d5b\" data-element_type=\"widget\" data-widget_type=\"html.default\">\n\t\t\t\t<div class=\"elementor-widget-container\">\n\t\t\t<!--iframe src=\"https:\/\/docs.google.com\/forms\/d\/e\/1FAIpQLScuiID6oW_V8a0vJg8vu9aRtpDU_P9hFy0LRyeMKk5sQ6Uydg\/viewform?embedded=true\" width=\"640\" height=\"1934\" frameborder=\"0\" marginheight=\"0\" marginwidth=\"0\">Cargando\u2026<\/iframe -->\t\t<\/div>\n\t\t\t\t<\/div>\n\t\t\t\t\t<\/div>\n\t\t<\/div>\n\t\t\t\t\t<\/div>\n\t\t<\/section>\n\t\t\t\t<\/div>\n\t\t","protected":false},"excerpt":{"rendered":"<p>Per\u00edodo de inscripci\u00f3n y requisitos Per\u00edodo de inscripci\u00f3n 2026: del 9 de febrero al 13 de marzo INSCRIPCIONES FINALIZADAS Requisitos:\u00a0 Tener 16 a\u00f1os o cumplirlos dentro del a\u00f1o en curso. Completar el formulario de inscripci\u00f3n con todos los datos solicitados. Aquellos nuevos aspirantes que tengan conocimientos previos sobre el idioma y quieran comenzar desde un nivel m\u00e1s avanzado, deber\u00e1n realizar [&hellip;]<\/p>\n","protected":false},"author":1,"featured_media":0,"parent":0,"menu_order":0,"comment_status":"closed","ping_status":"closed","template":"page-templates\/full-width-container.php","meta":{"footnotes":""},"class_list":["post-330","page","type-page","status-publish","hentry"],"_links":{"self":[{"href":"https:\/\/lenguas.unicen.edu.ar\/index.php?rest_route=\/wp\/v2\/pages\/330","targetHints":{"allow":["GET"]}}],"collection":[{"href":"https:\/\/lenguas.unicen.edu.ar\/index.php?rest_route=\/wp\/v2\/pages"}],"about":[{"href":"https:\/\/lenguas.unicen.edu.ar\/index.php?rest_route=\/wp\/v2\/types\/page"}],"author":[{"embeddable":true,"href":"https:\/\/lenguas.unicen.edu.ar\/index.php?rest_route=\/wp\/v2\/users\/1"}],"replies":[{"embeddable":true,"href":"https:\/\/lenguas.unicen.edu.ar\/index.php?rest_route=%2Fwp%2Fv2%2Fcomments&post=330"}],"version-history":[{"count":369,"href":"https:\/\/lenguas.unicen.edu.ar\/index.php?rest_route=\/wp\/v2\/pages\/330\/revisions"}],"predecessor-version":[{"id":3898,"href":"https:\/\/lenguas.unicen.edu.ar\/index.php?rest_route=\/wp\/v2\/pages\/330\/revisions\/3898"}],"wp:attachment":[{"href":"https:\/\/lenguas.unicen.edu.ar\/index.php?rest_route=%2Fwp%2Fv2%2Fmedia&parent=330"}],"curies":[{"name":"wp","href":"https:\/\/api.w.org\/{rel}","templated":true}]}}