{"id":151,"date":"2020-11-14T12:54:48","date_gmt":"2020-11-14T12:54:48","guid":{"rendered":"https:\/\/lenguas.nuevo.unicen.edu.ar\/?page_id=151"},"modified":"2026-02-23T15:26:11","modified_gmt":"2026-02-23T15:26:11","slug":"cursos-2","status":"publish","type":"page","link":"https:\/\/lenguas.unicen.edu.ar\/?page_id=151","title":{"rendered":"Nuestros Cursos"},"content":{"rendered":"\t\t<div data-elementor-type=\"wp-page\" data-elementor-id=\"151\" class=\"elementor elementor-151\">\n\t\t\t\t\t\t<section class=\"elementor-section elementor-top-section elementor-element elementor-element-19e7adc6 elementor-section-boxed elementor-section-height-default elementor-section-height-default\" data-id=\"19e7adc6\" data-element_type=\"section\">\n\t\t\t\t\t\t<div class=\"elementor-container elementor-column-gap-default\">\n\t\t\t\t\t<div class=\"elementor-column elementor-col-100 elementor-top-column elementor-element elementor-element-5020f650\" data-id=\"5020f650\" data-element_type=\"column\">\n\t\t\t<div class=\"elementor-widget-wrap elementor-element-populated\">\n\t\t\t\t\t\t<div class=\"elementor-element elementor-element-4014b129 elementor-widget elementor-widget-text-editor\" data-id=\"4014b129\" data-element_type=\"widget\" data-widget_type=\"text-editor.default\">\n\t\t\t\t<div class=\"elementor-widget-container\">\n\t\t\t\t\t\t\t<p>El plan de cursos del Departamento de Lengua se organiza en una estructura de niveles que adopta como modelo el <i>Marco com\u00fan europeo de referencia para las lenguas: aprendizaje, ense\u00f1anza, evaluaci\u00f3n. <\/i>La propuesta se basa en el desarrollo de producci\u00f3n escrita, conversaci\u00f3n, comprensi\u00f3n lectora y auditiva.<\/p><p>El servicio educativo se desarrolla con una oferta permanente de cursos anuales y una oferta vers\u00e1til de cursos con fines espec\u00edficos y duraci\u00f3n variable.<\/p><p><b><i>Los cursos anuales regulares<\/i><\/b> ofrecen la ense\u00f1anza, en distintos niveles, de los siguientes idiomas: ingl\u00e9s, portugu\u00e9s, italiano, franc\u00e9s y espa\u00f1ol para extranjeros. Los cursos se dictan en dos clases semanales de una hora y media cada una, por lo cual alcanzan una carga horaria total de 100 horas. Una de las dos clases semanales se desarrolla en el Laboratorio de Idiomas, ubicado en el Campus Universitario. All\u00ed los participantes trabajan con recursos t\u00e9cnicos adecuados para ejercitar la oralidad en lengua extranjera.\u00a0\u00a0<\/p><p>Adem\u00e1s, desde 2020 el Departamento de Lenguas inaugura una nueva oferta de cursos virtuales que se dictan a trav\u00e9s de la plataforma moodle de la Secretar\u00eda Acad\u00e9mica, con clases on line y misma carga horaria que los dem\u00e1s cursos presenciales.<\/p><p><b><i>Los cursos con fines espec\u00edficos y duraci\u00f3n variable<\/i><\/b> est\u00e1n destinados a la preparaci\u00f3n para ex\u00e1menes internacionales, conversaci\u00f3n, presentaciones orales en lengua extranjera, escritura acad\u00e9mica en lengua materna y en lengua extranjera, etc.<\/p><p><em><strong>&#8220;Charlemos en la UNI&#8221;<\/strong><\/em> es una propuesta que\u00a0tiene como objetivo brindar un espacio donde los alumnos y alumnas puedan desarrollar su competencia oral mediante la conversaci\u00f3n espont\u00e1nea. Se busca mayormente propiciar la fluidez en el habla\u00a0mediante el abordaje de\u00a0temas de inter\u00e9s general. Se propone una cita semanal para conversar en una segunda lengua. La propuesta est\u00e1 especialmente pensada para quienes poseen conocimientos previos en el idioma y necesitan ejercitarlo.<\/p><p>La docente a cargo propone un tema de discusi\u00f3n e intercambio de opiniones por encuentro y, adem\u00e1s, act\u00faa como moderador y facilitador de la charla. No obstante, el formato es flexible y siempre hay espacio para los temas que surjan espont\u00e1neamente del grupo o alguno de los participantes.\u00a0<\/p><p>Los y las postulantes a participar\u00a0deber\u00e1n rendir el test de nivel del Departamento de Lenguas, de forma obligatoria.<\/p><p>En el caso del idioma <strong>Ingl\u00e9s<\/strong> para acceder al curso <strong><em>&#8220;Charlemos en la Uni Nivel 1&#8221;<\/em><\/strong>, el\/la alumno\/a deber\u00e1 alcanzar el nivel Intermedio 1 o 2 (Nivel Preintermedio acreditado). Para el curso <strong><em>&#8220;Charlemos en la Uni Nivel 2&#8221;<\/em><\/strong><em>, <\/em>alcanzar un nivel\u00a0 Intermedio Superior 1 o 2 (Nivel Intermedio 2 acreditado)\u00a0<\/p><p>En <strong>Franc\u00e9s<\/strong>, deber\u00e1 alcanzar el nivel Intermedio (nivel Preintermedio acreditado)<\/p><p>En <strong>Italiano<\/strong>, deber\u00e1 alcanzar el nivel Intermedio (nivel Preintermedio acreditado)<\/p><h3 style=\"text-align: center;\"><a href=\"https:\/\/drive.google.com\/file\/d\/1esOpBWsizUPJp8yKhQwN_VOoi1uCYHSs\/view?usp=sharing\"><strong>Ver Plan de Estudios<\/strong><\/a><\/h3>\t\t\t\t\t\t<\/div>\n\t\t\t\t<\/div>\n\t\t\t\t\t<\/div>\n\t\t<\/div>\n\t\t\t\t\t<\/div>\n\t\t<\/section>\n\t\t\t\t<\/div>\n\t\t","protected":false},"excerpt":{"rendered":"<p>El plan de cursos del Departamento de Lengua se organiza en una estructura de niveles que adopta como modelo el Marco com\u00fan europeo de referencia para las lenguas: aprendizaje, ense\u00f1anza, evaluaci\u00f3n. La propuesta se basa en el desarrollo de producci\u00f3n escrita, conversaci\u00f3n, comprensi\u00f3n lectora y auditiva. El servicio educativo se desarrolla con una oferta permanente de cursos anuales y una [&hellip;]<\/p>\n","protected":false},"author":1,"featured_media":0,"parent":0,"menu_order":0,"comment_status":"closed","ping_status":"closed","template":"","meta":{"footnotes":""},"class_list":["post-151","page","type-page","status-publish","hentry"],"_links":{"self":[{"href":"https:\/\/lenguas.unicen.edu.ar\/index.php?rest_route=\/wp\/v2\/pages\/151","targetHints":{"allow":["GET"]}}],"collection":[{"href":"https:\/\/lenguas.unicen.edu.ar\/index.php?rest_route=\/wp\/v2\/pages"}],"about":[{"href":"https:\/\/lenguas.unicen.edu.ar\/index.php?rest_route=\/wp\/v2\/types\/page"}],"author":[{"embeddable":true,"href":"https:\/\/lenguas.unicen.edu.ar\/index.php?rest_route=\/wp\/v2\/users\/1"}],"replies":[{"embeddable":true,"href":"https:\/\/lenguas.unicen.edu.ar\/index.php?rest_route=%2Fwp%2Fv2%2Fcomments&post=151"}],"version-history":[{"count":22,"href":"https:\/\/lenguas.unicen.edu.ar\/index.php?rest_route=\/wp\/v2\/pages\/151\/revisions"}],"predecessor-version":[{"id":3855,"href":"https:\/\/lenguas.unicen.edu.ar\/index.php?rest_route=\/wp\/v2\/pages\/151\/revisions\/3855"}],"wp:attachment":[{"href":"https:\/\/lenguas.unicen.edu.ar\/index.php?rest_route=%2Fwp%2Fv2%2Fmedia&parent=151"}],"curies":[{"name":"wp","href":"https:\/\/api.w.org\/{rel}","templated":true}]}}