{"id":134,"date":"2020-11-14T12:42:23","date_gmt":"2020-11-14T12:42:23","guid":{"rendered":"https:\/\/lenguas.nuevo.unicen.edu.ar\/?page_id=134"},"modified":"2025-12-10T17:41:50","modified_gmt":"2025-12-10T17:41:50","slug":"aranceles","status":"publish","type":"page","link":"https:\/\/lenguas.unicen.edu.ar\/?page_id=134","title":{"rendered":"Aranceles"},"content":{"rendered":"\t\t<div data-elementor-type=\"wp-page\" data-elementor-id=\"134\" class=\"elementor elementor-134\">\n\t\t\t\t\t\t<section class=\"elementor-section elementor-top-section elementor-element elementor-element-3f99c132 elementor-section-boxed elementor-section-height-default elementor-section-height-default\" data-id=\"3f99c132\" data-element_type=\"section\">\n\t\t\t\t\t\t<div class=\"elementor-container elementor-column-gap-default\">\n\t\t\t\t\t<div class=\"elementor-column elementor-col-100 elementor-top-column elementor-element elementor-element-7958ee5c\" data-id=\"7958ee5c\" data-element_type=\"column\">\n\t\t\t<div class=\"elementor-widget-wrap elementor-element-populated\">\n\t\t\t\t\t\t<div class=\"elementor-element elementor-element-1eadefb elementor-widget elementor-widget-heading\" data-id=\"1eadefb\" data-element_type=\"widget\" data-widget_type=\"heading.default\">\n\t\t\t\t<div class=\"elementor-widget-container\">\n\t\t\t<h2 class=\"elementor-heading-title elementor-size-default\">Aranceles<\/h2>\t\t<\/div>\n\t\t\t\t<\/div>\n\t\t\t\t<div class=\"elementor-element elementor-element-8f090bf elementor-widget elementor-widget-text-editor\" data-id=\"8f090bf\" data-element_type=\"widget\" data-widget_type=\"text-editor.default\">\n\t\t\t\t<div class=\"elementor-widget-container\">\n\t\t\t\t\t\t\t<h4 style=\"text-align: center;\">Cursos<b style=\"color: var( --e-global-color-text ); font-family: var( --e-global-typography-text-font-family ), Sans-serif;\"> presenciales y virtuales<\/b><\/h4><div><b style=\"color: var( --e-global-color-text ); font-family: var( --e-global-typography-text-font-family ), Sans-serif;\">\u00a0<\/b><\/div><p><span style=\"font-weight: 400;\">Los estudiantes, una vez inscriptos, deber\u00e1n abonar la matr\u00edcula para poder comenzar a cursar, as\u00ed como mensualmente las cuotas de abril a noviembre.<\/span><\/p><p><span style=\"font-weight: 400;\">Aquellos alumnos que no tuvieran sus cuotas al d\u00eda, no podr\u00e1n presentarse a rendir examen final de la materia que estuvieran cursando. Tampoco recibir\u00e1n la certificaci\u00f3n que acredite que han aprobado la cursada de la misma.<\/span><\/p><p><span style=\"font-weight: 400;\">FACTURACI\u00d3N ELECTR\u00d3NICA<\/span><\/p><p><span style=\"font-weight: 400;\">Por disposici\u00f3n de la Secretar\u00eda de Administraci\u00f3n de la UNICEN se facturan las cuotas de manera electr\u00f3nica. Los estudiantes recibir\u00e1n mensualmente en sus casillas de mail la factura correspondiente, que podr\u00e1 ser abonada en cualquier sucursal de Ripsa o Pago F\u00e1cil, como tambi\u00e9n a trav\u00e9s de billeteras virtuales. Aquellos alumnos que dejan de cursar deben dar aviso al correo electr\u00f3nico de la Secretar\u00eda del Departamento (sec_lenguas@rec.unicen.edu.ar) para no seguir recibiendo las facturas mensuales y generando deuda.<\/span><span style=\"color: #64686d; font-family: Lato, sans-serif; font-size: 19px; font-weight: bold; text-align: center;\">\u00a0<\/span><\/p><h4>\u00a0 \u00a0 \u00a0 \u00a0 \u00a0 \u00a0 \u00a0 \u00a0 \u00a0 \u00a0 \u00a0 \u00a0 \u00a0 \u00a0 \u00a0 \u00a0 \u00a0 \u00a0 \u00a0 \u00a0 \u00a0 \u00a0 \u00a0 \u00a0 \u00a0 \u00a0 \u00a0 \u00a0 \u00a0 \u00a0 \u00a0 \u00a0 \u00a0 \u00a0 \u00a0 \u00a0 \u00a0 \u00a0 \u00a0 \u00a0 \u00a0 \u00a0 \u00a0 \u00a0 \u00a0 \u00a0 \u00a0 \u00a0 \u00a0 \u00a0 \u00a0 \u00a0 \u00a0 \u00a0 \u00a0 \u00a0 \u00a0 \u00a0 \u00a0 \u00a0 \u00a0 \u00a0 \u00a0<strong>ARANCELES 2026<\/strong><\/h4><h4><em style=\"color: var( --e-global-color-text ); font-family: var( --e-global-typography-text-font-family ), Sans-serif; font-weight: var( --e-global-typography-text-font-weight ); font-size: 15px;\">\u00a0 \u00a0 \u00a0 \u00a0 \u00a0 \u00a0 \u00a0 \u00a0 \u00a0 \u00a0 \u00a0 \u00a0 \u00a0 \u00a0 \u00a0 \u00a0 \u00a0 \u00a0 \u00a0 \u00a0<strong>Es importante aclarar que los aranceles tendr\u00e1n una revisi\u00f3n de su valor de manera peri\u00f3dica a lo largo del ciclo lectivo<\/strong><\/em><\/h4><div>\n<table id=\"tablepress-38\" class=\"tablepress tablepress-id-38\">\n<thead>\n<tr class=\"row-1 odd\">\n\t<th class=\"column-1\">CATEGOR\u00cdA<\/th><th class=\"column-2\">MONTO (pago \u00fanico anual)<\/th>\n<\/tr>\n<\/thead>\n<tbody class=\"row-hover\">\n<tr class=\"row-2 even\">\n\t<td class=\"column-1\">MATR\u00cdCULA DE INSCRIPCI\u00d3N<\/td><td class=\"column-2\">$30000.-<\/td>\n<\/tr>\n<tr class=\"row-3 odd\">\n\t<td class=\"column-1\">TEST DE NIVEL<\/td><td class=\"column-2\">$30000.-<\/td>\n<\/tr>\n<\/tbody>\n<\/table>\n<!-- #tablepress-38 from cache --><\/div><div>\u00a0<\/div><div>\n<table id=\"tablepress-2\" class=\"tablepress tablepress-id-2\">\n<thead>\n<tr class=\"row-1 odd\">\n\t<th class=\"column-1\">CATEGORIA<\/th><th class=\"column-2\">MONTO (mensual)<\/th>\n<\/tr>\n<\/thead>\n<tbody class=\"row-hover\">\n<tr class=\"row-2 even\">\n\t<td class=\"column-1\">COMUNIDAD EN GENERAL<\/td><td class=\"column-2\">$ 30000.-<\/td>\n<\/tr>\n<tr class=\"row-3 odd\">\n\t<td class=\"column-1\">ESTUDIANTE DE GRADO UNIVERSITARIO (UNICEN)<\/td><td class=\"column-2\">$ 12000.-<\/td>\n<\/tr>\n<tr class=\"row-4 even\">\n\t<td class=\"column-1\">DOCENTE UNIVERSITARIO (UNICEN)<\/td><td class=\"column-2\">$ 24000.-<\/td>\n<\/tr>\n<tr class=\"row-5 odd\">\n\t<td class=\"column-1\">NODOCENTE (UNICEN)<\/td><td class=\"column-2\">$ 24000.-<\/td>\n<\/tr>\n<tr class=\"row-6 even\">\n\t<td class=\"column-1\">GRADUADO (UNICEN)<\/td><td class=\"column-2\">$ 27000.-<\/td>\n<\/tr>\n<tr class=\"row-7 odd\">\n\t<td class=\"column-1\">ESPA\u00d1OL PARA EXTRANJEROS<\/td><td class=\"column-2\">$ 45000.-<\/td>\n<\/tr>\n<tr class=\"row-8 even\">\n\t<td class=\"column-1\">CONVENIO ESCUELA NACIONAL ERNESTO SABATO<\/td><td class=\"column-2\">&#8212;&#8212;&#8212;<\/td>\n<\/tr>\n<tr class=\"row-9 odd\">\n\t<td class=\"column-1\">CHARLEMOS EN LA UNI<br \/>\n(valor general para todas las categor\u00edas)<\/td><td class=\"column-2\">$ 20000.-<\/td>\n<\/tr>\n<\/tbody>\n<\/table>\n<!-- #tablepress-2 from cache --><\/div><h4 style=\"text-align: center;\">\u00a0<\/h4>\t\t\t\t\t\t<\/div>\n\t\t\t\t<\/div>\n\t\t\t\t<div class=\"elementor-element elementor-element-f675a6c elementor-widget elementor-widget-text-editor\" data-id=\"f675a6c\" data-element_type=\"widget\" data-widget_type=\"text-editor.default\">\n\t\t\t\t<div class=\"elementor-widget-container\">\n\t\t\t\t\t\t\t<p><span style=\"font-weight: 400;\"><strong>Matr\u00edcula<\/strong>: se paga una por a\u00f1o y por alumno\u00a0<\/span><\/p><p><span style=\"font-weight: 400;\"><strong>Test de Nivel<\/strong>: el pago del derecho de examen bonifica el pago de la matr\u00edcula del a\u00f1o en curso.\u00a0<\/span><\/p><p><span style=\"font-weight: 400;\"><strong>Cuotas mensuales<\/strong>: de abril a noviembre<\/span><\/p><p>A quienes cursan <strong>dos idiomas<\/strong> se les realizar\u00e1 una <strong>bonificaci\u00f3n del 10%<\/strong> en la suma de ambas cuotas (a excepci\u00f3n de los cursos de espa\u00f1ol para extranjeros y &#8220;Charlemos en la Uni&#8221;).<\/p><p>Se solicita <strong>certificaci\u00f3n<\/strong> que acredite la categor\u00eda en que se realiza la bonificaci\u00f3n.<\/p>\t\t\t\t\t\t<\/div>\n\t\t\t\t<\/div>\n\t\t\t\t\t<\/div>\n\t\t<\/div>\n\t\t\t\t\t<\/div>\n\t\t<\/section>\n\t\t\t\t<\/div>\n\t\t","protected":false},"excerpt":{"rendered":"<p>Aranceles Cursos presenciales y virtuales \u00a0 Los estudiantes, una vez inscriptos, deber\u00e1n abonar la matr\u00edcula para poder comenzar a cursar, as\u00ed como mensualmente las cuotas de abril a noviembre. Aquellos alumnos que no tuvieran sus cuotas al d\u00eda, no podr\u00e1n presentarse a rendir examen final de la materia que estuvieran cursando. Tampoco recibir\u00e1n la certificaci\u00f3n que acredite que han aprobado [&hellip;]<\/p>\n","protected":false},"author":1,"featured_media":0,"parent":0,"menu_order":0,"comment_status":"closed","ping_status":"closed","template":"page-templates\/full-width-container.php","meta":{"footnotes":""},"class_list":["post-134","page","type-page","status-publish","hentry"],"_links":{"self":[{"href":"https:\/\/lenguas.unicen.edu.ar\/index.php?rest_route=\/wp\/v2\/pages\/134","targetHints":{"allow":["GET"]}}],"collection":[{"href":"https:\/\/lenguas.unicen.edu.ar\/index.php?rest_route=\/wp\/v2\/pages"}],"about":[{"href":"https:\/\/lenguas.unicen.edu.ar\/index.php?rest_route=\/wp\/v2\/types\/page"}],"author":[{"embeddable":true,"href":"https:\/\/lenguas.unicen.edu.ar\/index.php?rest_route=\/wp\/v2\/users\/1"}],"replies":[{"embeddable":true,"href":"https:\/\/lenguas.unicen.edu.ar\/index.php?rest_route=%2Fwp%2Fv2%2Fcomments&post=134"}],"version-history":[{"count":131,"href":"https:\/\/lenguas.unicen.edu.ar\/index.php?rest_route=\/wp\/v2\/pages\/134\/revisions"}],"predecessor-version":[{"id":3701,"href":"https:\/\/lenguas.unicen.edu.ar\/index.php?rest_route=\/wp\/v2\/pages\/134\/revisions\/3701"}],"wp:attachment":[{"href":"https:\/\/lenguas.unicen.edu.ar\/index.php?rest_route=%2Fwp%2Fv2%2Fmedia&parent=134"}],"curies":[{"name":"wp","href":"https:\/\/api.w.org\/{rel}","templated":true}]}}