{"id":131,"date":"2020-11-14T12:39:40","date_gmt":"2020-11-14T12:39:40","guid":{"rendered":"https:\/\/lenguas.nuevo.unicen.edu.ar\/?page_id=131"},"modified":"2026-03-26T18:36:00","modified_gmt":"2026-03-26T18:36:00","slug":"test-de-nivel","status":"publish","type":"page","link":"https:\/\/lenguas.unicen.edu.ar\/?page_id=131","title":{"rendered":"Test de nivel"},"content":{"rendered":"\t\t<div data-elementor-type=\"wp-page\" data-elementor-id=\"131\" class=\"elementor elementor-131\">\n\t\t\t\t\t\t<section class=\"elementor-section elementor-top-section elementor-element elementor-element-449b8a7 elementor-section-boxed elementor-section-height-default elementor-section-height-default\" data-id=\"449b8a7\" data-element_type=\"section\">\n\t\t\t\t\t\t<div class=\"elementor-container elementor-column-gap-default\">\n\t\t\t\t\t<div class=\"elementor-column elementor-col-100 elementor-top-column elementor-element elementor-element-b698f7b\" data-id=\"b698f7b\" data-element_type=\"column\">\n\t\t\t<div class=\"elementor-widget-wrap elementor-element-populated\">\n\t\t\t\t\t\t<div class=\"elementor-element elementor-element-4c1ccd0 elementor-widget elementor-widget-heading\" data-id=\"4c1ccd0\" data-element_type=\"widget\" data-widget_type=\"heading.default\">\n\t\t\t\t<div class=\"elementor-widget-container\">\n\t\t\t<h2 class=\"elementor-heading-title elementor-size-default\">Test de nivel<\/h2>\t\t<\/div>\n\t\t\t\t<\/div>\n\t\t\t\t<div class=\"elementor-element elementor-element-f2df248 elementor-widget elementor-widget-text-editor\" data-id=\"f2df248\" data-element_type=\"widget\" data-widget_type=\"text-editor.default\">\n\t\t\t\t<div class=\"elementor-widget-container\">\n\t\t\t\t\t\t\t<p>El test de nivel es una evaluaci\u00f3n diagn\u00f3stica de los conocimientos previos de los aspirantes a los cursos regulares del Departamento de Lenguas. Esta evaluaci\u00f3n se realiza durante los meses de febrero\/marzo y agosto, contiene una instancia escrita y otra oral.<\/p><p>Es importante aclarar, que <strong>el test de nivel es de car\u00e1cter obligatorio \u00fanicamente para quienes poseen conocimientos previos de la lengua elegida y desean cursar en un nivel m\u00e1s elevado<\/strong> que el Principiante (en el caso de ingl\u00e9s) o Elemental (en el caso de franc\u00e9s, italiano, portugu\u00e9s y espa\u00f1ol para extranjeros).<\/p><p>El resultado del test de nivel indica en qu\u00e9 nivel est\u00e1 en condiciones de comenzar a cursar.<\/p><p>La<strong> inscripci\u00f3n al test de nivel<\/strong> se realiza a trav\u00e9s del formulario cuyo link de acceso estar\u00e1 disponible durante el per\u00edodo de inscripci\u00f3n. Podr\u00e1 inscribirse hasta 72 horas h\u00e1biles previas a la fecha establecida.<\/p><p>Una vez completo el formulario de inscripci\u00f3n recibir\u00e1 un correo electr\u00f3nico con la confirmaci\u00f3n y la factura para abonar el <strong>derecho a examen<\/strong>. Podr\u00e1 consultar los valores en la pesta\u00f1a <a href=\"https:\/\/lenguas.unicen.edu.ar\/?page_id=134\">aranceles<\/a>.<\/p><p>Para poder presentarse al test de nivel, <strong>se debe enviar con 48 horas h\u00e1biles de anticipaci\u00f3n el comprobante de pago del derecho de examen<\/strong> al correo electr\u00f3nico de la Secretar\u00eda Administrativa del Departamento de Lenguas: sec_lenguas@rec.unicen.edu.ar<\/p><p>En<strong> agosto<\/strong>, se lleva adelante una fecha de test de nivel especialmente para aquellos interesados en incorporarse a los cursos a partir del segundo cuatrimestre. En ese sentido es necesario esclarecer que el ingreso a las cursadas durante la segunda mitad del a\u00f1o queda supeditado al resultado obtenido en el test de nivel y al cupo disponible en la comisi\u00f3n.<\/p><p>Adem\u00e1s, para incorporarse a los cursos a partir del segundo cuatrimestre, el test de nivel realizado debe demostrar que el aspirante posee los conocimientos trabajados durante la primera parte del a\u00f1o en curso.\u00a0<span style=\"color: var( --e-global-color-secondary ); font-family: var( --e-global-typography-text-font-family ), Sans-serif; font-weight: var( --e-global-typography-text-font-weight );\">Aquellos estudiantes que ingresen a cursar a partir del segundo cuatrimestre, no podr\u00e1n acceder a la evaluaci\u00f3n por promoci\u00f3n sin examen final.<\/span><\/p><p>En el caso de no presentarse al test en el que se ha inscripto, el aspirante deber\u00e1 dar aviso a la Secretar\u00eda con 24 horas h\u00e1biles de anticipaci\u00f3n, por correo electr\u00f3nico a <a href=\"mailto:sec_lenguas@rec.unicen.edu.ar\">sec_lenguas@rec.unicen.edu.ar<\/a>. El test de nivel tendr\u00e1 un cupo de entre 14 y 20 personas, s\u00f3lo en casos excepcionales se permitir\u00e1 modificar la fecha elegida.<\/p><p>En ning\u00fan caso el test de nivel ser\u00e1 considerado como un examen certificatorio de conocimientos; solo es una evaluaci\u00f3n diagn\u00f3stica de saberes previos para poder asignar a los estudiantes en el curso del nivel que corresponda de acuerdo al resultado obtenido. Dicho resultado, tendr\u00e1 una vigencia de un a\u00f1o.<b>\u00a0 \u00a0 \u00a0 \u00a0 \u00a0 \u00a0 \u00a0 \u00a0 \u00a0 \u00a0 \u00a0 \u00a0 \u00a0 \u00a0 \u00a0 \u00a0 \u00a0 \u00a0 \u00a0 \u00a0 \u00a0 \u00a0 \u00a0 \u00a0 \u00a0 \u00a0 \u00a0 \u00a0 \u00a0 \u00a0 \u00a0 \u00a0 \u00a0 \u00a0 \u00a0 \u00a0 \u00a0 \u00a0 \u00a0 \u00a0 \u00a0 \u00a0 \u00a0 \u00a0 \u00a0 \u00a0 \u00a0 \u00a0 \u00a0 \u00a0 \u00a0 \u00a0 \u00a0 \u00a0 \u00a0 \u00a0 \u00a0 \u00a0 \u00a0 \u00a0 \u00a0<\/b><span style=\"font-size: 24px; color: var( --e-global-color-secondary ); font-family: var( --e-global-typography-text-font-family ), Sans-serif;\">\u00a0 <\/span><strong style=\"font-size: 16px;\">\u00a0 \u00a0 \u00a0 \u00a0 \u00a0 \u00a0 \u00a0 \u00a0 \u00a0 \u00a0 \u00a0 \u00a0\u00a0<\/strong><\/p><div><p style=\"text-align: center;\"><span style=\"vertical-align: inherit;\"><b>Ver el instructivo de ex\u00e1menes\u00a0y test de nivel para la modalidad virtual: <\/b><\/span><a href=\"https:\/\/drive.google.com\/file\/d\/1F124IJ7fWWk4dKdss4t7CWjerHUF-r1m\/view?usp=share_link\"><span style=\"vertical-align: inherit;\">Instructivo<\/span><\/a><\/p><h3 style=\"text-align: center;\"><span style=\"color: #ff0000;\"><strong><span style=\"color: #0000ff;\">Inscripciones finalizadas<\/span><\/strong><\/span><\/h3><h3 style=\"text-align: center;\"><span style=\"color: #ff0000;\">Pr\u00f3ximo llamado: agosto\u00a0<\/span> \u00a0<\/h3><h3 style=\"text-align: center;\"><strong>FECHAS\u00a0 DE\u00a0 <\/strong><b>TEST\u00a0 DE\u00a0 NIVEL 2026<\/b><\/h3><p style=\"text-align: center;\">\u00a0 \u00a0 \u00a0\u00a0<\/p><h3 style=\"text-align: center;\">\u00a0 \u00a0 \u00a0 \u00a0 \u00a0 \u00a0 \u00a0 \u00a0 \u00a0 \u00a0 \u00a0 \u00a0 \u00a0 \u00a0 \u00a0 \u00a0 \u00a0 \u00a0 \u00a0\u00a0<\/h3><h4>\u00a0 \u00a0 \u00a0 \u00a0 \u00a0<\/h4><div>\u00a0<\/div><h4>\u00a0 \u00a0 \u00a0 \u00a0 \u00a0 \u00a0 \u00a0 \u00a0 \u00a0 \u00a0 \u00a0 \u00a0 \u00a0 \u00a0 \u00a0 \u00a0 \u00a0 \u00a0 \u00a0 \u00a0 \u00a0 \u00a0 \u00a0 \u00a0 \u00a0 \u00a0 \u00a0 \u00a0 \u00a0 \u00a0 \u00a0 \u00a0 \u00a0 \u00a0 \u00a0 \u00a0 \u00a0 \u00a0<\/h4><\/div><p style=\"text-align: center;\">\u00a0<\/p>\t\t\t\t\t\t<\/div>\n\t\t\t\t<\/div>\n\t\t\t\t<div class=\"elementor-element elementor-element-a93c226 elementor-widget elementor-widget-html\" data-id=\"a93c226\" data-element_type=\"widget\" data-widget_type=\"html.default\">\n\t\t\t\t<div class=\"elementor-widget-container\">\n\t\t\t<!--iframe src=\"https:\/\/docs.google.com\/forms\/d\/e\/1FAIpQLSd42BK-l2iJGtKuPmmEmo_26df4JNlgeuKEaKfOu5gB4diKOg\/viewform?embedded=true\" width=\"700\" height=\"520\" frameborder=\"0\" marginheight=\"0\" marginwidth=\"0\">Cargando\u2026<\/iframe-->\t\t<\/div>\n\t\t\t\t<\/div>\n\t\t\t\t\t<\/div>\n\t\t<\/div>\n\t\t\t\t\t<\/div>\n\t\t<\/section>\n\t\t\t\t<section class=\"elementor-section elementor-top-section elementor-element elementor-element-a4253d6 elementor-section-boxed elementor-section-height-default elementor-section-height-default\" data-id=\"a4253d6\" data-element_type=\"section\">\n\t\t\t\t\t\t<div class=\"elementor-container elementor-column-gap-default\">\n\t\t\t\t\t<div class=\"elementor-column elementor-col-100 elementor-top-column elementor-element elementor-element-4a50403\" data-id=\"4a50403\" data-element_type=\"column\">\n\t\t\t<div class=\"elementor-widget-wrap elementor-element-populated\">\n\t\t\t\t\t\t\t<\/div>\n\t\t<\/div>\n\t\t\t\t\t<\/div>\n\t\t<\/section>\n\t\t\t\t<\/div>\n\t\t","protected":false},"excerpt":{"rendered":"<p>Test de nivel El test de nivel es una evaluaci\u00f3n diagn\u00f3stica de los conocimientos previos de los aspirantes a los cursos regulares del Departamento de Lenguas. Esta evaluaci\u00f3n se realiza durante los meses de febrero\/marzo y agosto, contiene una instancia escrita y otra oral. Es importante aclarar, que el test de nivel es de car\u00e1cter obligatorio \u00fanicamente para quienes poseen [&hellip;]<\/p>\n","protected":false},"author":1,"featured_media":0,"parent":0,"menu_order":0,"comment_status":"closed","ping_status":"closed","template":"page-templates\/full-width-container.php","meta":{"footnotes":""},"class_list":["post-131","page","type-page","status-publish","hentry"],"_links":{"self":[{"href":"https:\/\/lenguas.unicen.edu.ar\/index.php?rest_route=\/wp\/v2\/pages\/131","targetHints":{"allow":["GET"]}}],"collection":[{"href":"https:\/\/lenguas.unicen.edu.ar\/index.php?rest_route=\/wp\/v2\/pages"}],"about":[{"href":"https:\/\/lenguas.unicen.edu.ar\/index.php?rest_route=\/wp\/v2\/types\/page"}],"author":[{"embeddable":true,"href":"https:\/\/lenguas.unicen.edu.ar\/index.php?rest_route=\/wp\/v2\/users\/1"}],"replies":[{"embeddable":true,"href":"https:\/\/lenguas.unicen.edu.ar\/index.php?rest_route=%2Fwp%2Fv2%2Fcomments&post=131"}],"version-history":[{"count":490,"href":"https:\/\/lenguas.unicen.edu.ar\/index.php?rest_route=\/wp\/v2\/pages\/131\/revisions"}],"predecessor-version":[{"id":3935,"href":"https:\/\/lenguas.unicen.edu.ar\/index.php?rest_route=\/wp\/v2\/pages\/131\/revisions\/3935"}],"wp:attachment":[{"href":"https:\/\/lenguas.unicen.edu.ar\/index.php?rest_route=%2Fwp%2Fv2%2Fmedia&parent=131"}],"curies":[{"name":"wp","href":"https:\/\/api.w.org\/{rel}","templated":true}]}}