{"id":129,"date":"2020-11-14T12:38:54","date_gmt":"2020-11-14T12:38:54","guid":{"rendered":"https:\/\/lenguas.nuevo.unicen.edu.ar\/?page_id=129"},"modified":"2026-02-23T19:13:05","modified_gmt":"2026-02-23T19:13:05","slug":"examenes","status":"publish","type":"page","link":"https:\/\/lenguas.unicen.edu.ar\/?page_id=129","title":{"rendered":"Ex\u00e1menes"},"content":{"rendered":"\t\t<div data-elementor-type=\"wp-page\" data-elementor-id=\"129\" class=\"elementor elementor-129\">\n\t\t\t\t\t\t<section class=\"elementor-section elementor-top-section elementor-element elementor-element-1ee82db1 elementor-section-boxed elementor-section-height-default elementor-section-height-default\" data-id=\"1ee82db1\" data-element_type=\"section\">\n\t\t\t\t\t\t<div class=\"elementor-container elementor-column-gap-default\">\n\t\t\t\t\t<div class=\"elementor-column elementor-col-100 elementor-top-column elementor-element elementor-element-79d62807\" data-id=\"79d62807\" data-element_type=\"column\">\n\t\t\t<div class=\"elementor-widget-wrap elementor-element-populated\">\n\t\t\t\t\t\t<div class=\"elementor-element elementor-element-182ab0ab elementor-widget elementor-widget-text-editor\" data-id=\"182ab0ab\" data-element_type=\"widget\" data-widget_type=\"text-editor.default\">\n\t\t\t\t<div class=\"elementor-widget-container\">\n\t\t\t\t\t\t\t<h2 style=\"font-weight: var( --e-global-typography-primary-font-weight ); color: var( --e-global-color-primary ); font-family: var( --e-global-typography-primary-font-family ), Sans-serif;\" data-elementor-setting-key=\"title\" data-pen-placeholder=\"Type Here...\"><span style=\"vertical-align: inherit;\"><span style=\"vertical-align: inherit;\">Inscripci\u00f3n a ex\u00e1menes finales<\/span><\/span><\/h2><p><span style=\"font-weight: 400;\"><span style=\"vertical-align: inherit;\"><span style=\"vertical-align: inherit;\">La inscripci\u00f3n a los ex\u00e1menes finales es de car\u00e1cter obligatorio para las y los estudiantes del Departamento de Lenguas. Se realiza a trav\u00e9s del formulario on line hasta <\/span><\/span><strong><span style=\"text-decoration: underline;\"><span style=\"vertical-align: inherit;\"><span style=\"vertical-align: inherit;\">72 h h\u00e1biles previas a la fecha del examen<\/span><\/span><\/span><span style=\"vertical-align: inherit;\"><span style=\"vertical-align: inherit;\">. <\/span><\/span><\/strong><span style=\"vertical-align: inherit;\"><span style=\"vertical-align: inherit;\">En caso de no presentarse, se deber\u00e1 dar aviso a la Secretar\u00eda Administrativa mediante correo electr\u00f3nico 24 h previas al examen: sec_lenguas@rec.unicen.edu.ar<\/span><\/span><\/span><\/p><p><span style=\"font-weight: 400;\"><span style=\"vertical-align: inherit;\"><span style=\"vertical-align: inherit;\">E<\/span><\/span><\/span><span style=\"color: var( --e-global-color-text ); font-family: var( --e-global-typography-text-font-family ), Sans-serif; font-weight: var( --e-global-typography-text-font-weight );\"><span style=\"vertical-align: inherit;\"><span style=\"vertical-align: inherit;\">s importante recordar que para presentarse a mesa de examen es requisito tener la cursada aprobada del nivel y las cuotas mensuales al d\u00eda.<\/span><\/span><\/span><\/p><p><span style=\"font-weight: 400;\"><span style=\"vertical-align: inherit;\"><span style=\"vertical-align: inherit;\">El Departamento de Lenguas posee tres per\u00edodos de ex\u00e1menes finales:<\/span><\/span><\/span><\/p><p><span style=\"font-weight: 400;\"><span style=\"vertical-align: inherit;\"><span style=\"vertical-align: inherit;\">Llamado de <\/span><\/span><strong><span style=\"vertical-align: inherit;\"><span style=\"vertical-align: inherit;\">FEBRERO- MARZO<\/span><\/span><\/strong>\u00a0<\/span><\/p><p><span style=\"font-weight: 400;\"><span style=\"vertical-align: inherit;\"><span style=\"vertical-align: inherit;\">Llamado de <\/span><\/span><strong><span style=\"vertical-align: inherit;\"><span style=\"vertical-align: inherit;\">AGOSTO<\/span><\/span><\/strong><\/span><\/p><p><span style=\"font-weight: 400;\"><span style=\"vertical-align: inherit;\"><span style=\"vertical-align: inherit;\">Llamado de <\/span><\/span><strong><span style=\"vertical-align: inherit;\"><span style=\"vertical-align: inherit;\">DICIEMBRE<\/span><\/span><\/strong><\/span><\/p><p style=\"text-align: center;\"><span style=\"vertical-align: inherit;\"><span style=\"vertical-align: inherit;\"><b>Ver el instructivo de ex\u00e1menes\u00a0y test de nivel para la modalidad virtual: <\/b><\/span><\/span><a href=\"https:\/\/drive.google.com\/file\/d\/1F124IJ7fWWk4dKdss4t7CWjerHUF-r1m\/view?usp=share_link\"><span style=\"vertical-align: inherit;\"><span style=\"vertical-align: inherit;\">Instructivo<\/span><\/span><\/a><\/p>\t\t\t\t\t\t<\/div>\n\t\t\t\t<\/div>\n\t\t\t\t\t<\/div>\n\t\t<\/div>\n\t\t\t\t\t<\/div>\n\t\t<\/section>\n\t\t\t\t<section class=\"elementor-section elementor-top-section elementor-element elementor-element-a983f7f elementor-section-boxed elementor-section-height-default elementor-section-height-default\" data-id=\"a983f7f\" data-element_type=\"section\">\n\t\t\t\t\t\t<div class=\"elementor-container elementor-column-gap-default\">\n\t\t\t\t\t<div class=\"elementor-column elementor-col-100 elementor-top-column elementor-element elementor-element-f16fa0e\" data-id=\"f16fa0e\" data-element_type=\"column\">\n\t\t\t<div class=\"elementor-widget-wrap elementor-element-populated\">\n\t\t\t\t\t\t<div class=\"elementor-element elementor-element-3224c2d elementor-widget elementor-widget-text-editor\" data-id=\"3224c2d\" data-element_type=\"widget\" data-widget_type=\"text-editor.default\">\n\t\t\t\t<div class=\"elementor-widget-container\">\n\t\t\t\t\t\t\t<h3 style=\"text-align: center;\">FECHAS<strong> DE EX\u00c1MENES\u00a0<\/strong><\/h3><h3 style=\"text-align: center;\"><strong>LLAMADO FEBRERO 2026<\/strong><\/h3><p style=\"text-align: center;\"><span style=\"color: #ff0000;\"><strong>Per\u00edodo de inscripci\u00f3n finalizado<\/strong><\/span><\/p><h3 style=\"text-align: center;\">\u00a0<\/h3>\n<table id=\"tablepress-33\" class=\"tablepress tablepress-id-33\">\n<thead>\n<tr class=\"row-1 odd\">\n\t<th class=\"column-1\">IDIOMA<\/th><th class=\"column-2\">NIVEL<\/th><th class=\"column-3\">D\u00cdA y HORARIO del EXAMEN<\/th><th class=\"column-4\">SEDE<\/th><th class=\"column-5\">\u00daLTIMO D\u00cdA PARA INSCRIBIRSE<\/th><th class=\"column-6\">DOCENTES<\/th>\n<\/tr>\n<\/thead>\n<tbody class=\"row-hover\">\n<tr class=\"row-2 even\">\n\t<td class=\"column-1\">INGL\u00c9S<\/td><td class=\"column-2\">PRINCIPIANTE<\/td><td class=\"column-3\">Escrito y Oral<br \/>\nJueves 19 de febrero<br \/>\n18:00 h<\/td><td class=\"column-4\">Escuela Nacional Ernesto Sabato <br \/>\n(Lober\u00eda 760)<\/td><td class=\"column-5\">Viernes 13 de febrero<\/td><td class=\"column-6\">Lissarrague<br \/>\nCastiglione<\/td>\n<\/tr>\n<tr class=\"row-3 odd\">\n\t<td class=\"column-1\">INGL\u00c9S<\/td><td class=\"column-2\">ELEMENTAL<\/td><td class=\"column-3\">Escrito y Oral<br \/>\r\nJueves 19 de febrero<br \/>\r\n18:00 h<\/td><td class=\"column-4\">Escuela Nacional Ernesto Sabato <br \/>\n(Lober\u00eda 760)<\/td><td class=\"column-5\">Viernes 13 de febrero<\/td><td class=\"column-6\">Lissarrague<br \/>\r\nCastiglione<\/td>\n<\/tr>\n<tr class=\"row-4 even\">\n\t<td class=\"column-1\">INGL\u00c9S<\/td><td class=\"column-2\">PREINTERMEDIO<\/td><td class=\"column-3\">Escrito y Oral<br \/>\r\nJueves 19 de febrero<br \/>\r\n18:00 h<\/td><td class=\"column-4\">Escuela Nacional Ernesto Sabato <br \/>\n(Lober\u00eda 760)<\/td><td class=\"column-5\">Viernes 13 de febrero<\/td><td class=\"column-6\">Moreno<br \/>\nG\u00f3mez<\/td>\n<\/tr>\n<tr class=\"row-5 odd\">\n\t<td class=\"column-1\">INGL\u00c9S<\/td><td class=\"column-2\">INTERMEDIO I<\/td><td class=\"column-3\">Escrito y Oral<br \/>\r\nJueves 19 de febrero<br \/>\r\n18:00 h<\/td><td class=\"column-4\">Escuela Nacional Ernesto Sabato <br \/>\n(Lober\u00eda 760)<\/td><td class=\"column-5\">Viernes 13 de febrero<\/td><td class=\"column-6\">Moreno<br \/>\r\nG\u00f3mez<\/td>\n<\/tr>\n<tr class=\"row-6 even\">\n\t<td class=\"column-1\">INGL\u00c9S<\/td><td class=\"column-2\">INTERMEDIO II<\/td><td class=\"column-3\">Escrito y Oral<br \/>\r\nJueves 19 de febrero<br \/>\r\n18:00 h<\/td><td class=\"column-4\">Escuela Nacional Ernesto Sabato <br \/>\n(Lober\u00eda 760)<\/td><td class=\"column-5\">Viernes 13 de febrero<\/td><td class=\"column-6\">Moreno<br \/>\r\nG\u00f3mez<\/td>\n<\/tr>\n<tr class=\"row-7 odd\">\n\t<td class=\"column-1\">INGL\u00c9S<\/td><td class=\"column-2\">PREINTERMEDIO<\/td><td class=\"column-3\">Escrito y Oral<br \/>\nLunes 23 de febrero<br \/>\n08:00 h<\/td><td class=\"column-4\">VIRTUAL<\/td><td class=\"column-5\">Mi\u00e9rcoles 18 de febrero<\/td><td class=\"column-6\">Arce<br \/>\nMoreno<br \/>\nG\u00f3mez<\/td>\n<\/tr>\n<tr class=\"row-8 even\">\n\t<td class=\"column-1\">INGL\u00c9S<\/td><td class=\"column-2\">INTERMEDIO I<\/td><td class=\"column-3\">Escrito y Oral<br \/>\r\nLunes 23 de febrero<br \/>\r\n08:00 h<\/td><td class=\"column-4\">VIRTUAL<\/td><td class=\"column-5\">Mi\u00e9rcoles 18 de febrero<\/td><td class=\"column-6\">Arce<br \/>\r\nMoreno<br \/>\r\nG\u00f3mez<\/td>\n<\/tr>\n<tr class=\"row-9 odd\">\n\t<td class=\"column-1\">INGL\u00c9S<\/td><td class=\"column-2\">INTERMEDIO II<\/td><td class=\"column-3\">Escrito y Oral<br \/>\r\nLunes 23 de febrero<br \/>\r\n08:00 h<\/td><td class=\"column-4\">VIRTUAL<\/td><td class=\"column-5\">Mi\u00e9rcoles 18 de febrero<\/td><td class=\"column-6\">Arce<br \/>\r\nMoreno<br \/>\r\nG\u00f3mez<\/td>\n<\/tr>\n<tr class=\"row-10 even\">\n\t<td class=\"column-1\">INGL\u00c9S<\/td><td class=\"column-2\">INTERMEDIO SUPERIOR I<\/td><td class=\"column-3\">Escrito y Oral<br \/>\r\nJueves 19 de febrero<br \/>\r\n18:00 h<\/td><td class=\"column-4\">Escuela Nacional Ernesto Sabato <br \/>\r\n(Lober\u00eda 760)<\/td><td class=\"column-5\">Viernes 13 de febrero<\/td><td class=\"column-6\">Vidaguren<br \/>\nVarela<\/td>\n<\/tr>\n<tr class=\"row-11 odd\">\n\t<td class=\"column-1\">INGL\u00c9S<\/td><td class=\"column-2\">INTERMEDIO SUPERIOR II<\/td><td class=\"column-3\">Escrito y Oral<br \/>\r\nJueves 19 de febrero<br \/>\r\n18:00 h<\/td><td class=\"column-4\">Escuela Nacional Ernesto Sabato <br \/>\r\n(Lober\u00eda 760)<\/td><td class=\"column-5\">Viernes 13 de febrero<\/td><td class=\"column-6\">Vidaguren<br \/>\r\nVarela<\/td>\n<\/tr>\n<tr class=\"row-12 even\">\n\t<td class=\"column-1\">INGL\u00c9S<\/td><td class=\"column-2\">AVANZADO<\/td><td class=\"column-3\">Escrito y Oral<br \/>\r\nLunes 23 de febrero<br \/>\r\n08:00 h<\/td><td class=\"column-4\">VIRTUAL<\/td><td class=\"column-5\">Mi\u00e9rcoles 18 de febrero<\/td><td class=\"column-6\">Arce<br \/>\r\nMoreno<br \/>\r\nG\u00f3mez<\/td>\n<\/tr>\n<tr class=\"row-13 odd\">\n\t<td class=\"column-1\">INGL\u00c9S<\/td><td class=\"column-2\">VETERINARIAS &#8211; PREINTERMEDIO<br \/>\n<br \/>\nExamen y test de nivel para estudiantes del Doctorado de la Facultad de Ciencias Veterinarias<\/td><td class=\"column-3\">Escrito y Oral<br \/>\nJueves 26 de febrero<br \/>\n18:00 h<\/td><td class=\"column-4\">VIRTUAL<\/td><td class=\"column-5\">Lunes 23 de febrero<\/td><td class=\"column-6\">Blanchiman<br \/>\nLissarrague<\/td>\n<\/tr>\n<tr class=\"row-14 even\">\n\t<td class=\"column-1\"><\/td><td class=\"column-2\"><\/td><td class=\"column-3\"><\/td><td class=\"column-4\"><\/td><td class=\"column-5\"><\/td><td class=\"column-6\"><\/td>\n<\/tr>\n<tr class=\"row-15 odd\">\n\t<td class=\"column-1\">ITALIANO<\/td><td class=\"column-2\">ELEMENTAL<br \/>\nPREINTERMEDIO<br \/>\nINTERMEDIO<br \/>\nINTERMEDIO ALTO<br \/>\nCURSO P\/CIUDADAN\u00cdA<\/td><td class=\"column-3\">Escrito y Oral<br \/>\nLunes 23 de febrero<br \/>\n09:30 h<\/td><td class=\"column-4\">Sala Multimedial 3<br \/>\n(Pinto 399, 3\u00b0 piso)<\/td><td class=\"column-5\">Mi\u00e9rcoles 18 de febrero<\/td><td class=\"column-6\">Cuevas<br \/>\nManera<\/td>\n<\/tr>\n<tr class=\"row-16 even\">\n\t<td class=\"column-1\">ITALIANO<\/td><td class=\"column-2\">ELEMENTAL<br \/>\nPREINTERMEDIO<br \/>\nCURSO P\/CIUDADAN\u00cdA<\/td><td class=\"column-3\">Escrito y Oral<br \/>\nJueves 26 de febrero<br \/>\n09:30 h<\/td><td class=\"column-4\">VIRTUAL<\/td><td class=\"column-5\">Lunes 23 de febrero<\/td><td class=\"column-6\">Cuevas<br \/>\nManera<br \/>\n<\/td>\n<\/tr>\n<tr class=\"row-17 odd\">\n\t<td class=\"column-1\"><\/td><td class=\"column-2\"><\/td><td class=\"column-3\"><\/td><td class=\"column-4\"><\/td><td class=\"column-5\"><\/td><td class=\"column-6\"><\/td>\n<\/tr>\n<tr class=\"row-18 even\">\n\t<td class=\"column-1\">FRANC\u00c9S<\/td><td class=\"column-2\">ELEMENTAL<br \/>\nPREINTERMEDIO<br \/>\nINTERMEDIO<\/td><td class=\"column-3\">Escrito y Oral<br \/>\nMi\u00e9rcoles 18 de febrero<br \/>\n18:00 h<\/td><td class=\"column-4\">VIRTUAL<\/td><td class=\"column-5\">Viernes 13 de febrero<\/td><td class=\"column-6\">Quilleauquy<br \/>\nPoloni<\/td>\n<\/tr>\n<tr class=\"row-19 odd\">\n\t<td class=\"column-1\">FRANC\u00c9S<\/td><td class=\"column-2\">ELEMENTAL<br \/>\r\nPREINTERMEDIO<br \/>\r\nINTERMEDIO<\/td><td class=\"column-3\">Escrito y Oral<br \/>\nMi\u00e9rcoles 25 de febrero<br \/>\n10:00 h<\/td><td class=\"column-4\">Sala Multimedial 3<br \/>\r\n(Pinto 399, 3\u00b0 piso)<\/td><td class=\"column-5\">Viernes 20 de febrero<\/td><td class=\"column-6\">Quilleauquy<br \/>\r\nPoloni<\/td>\n<\/tr>\n<tr class=\"row-20 even\">\n\t<td class=\"column-1\"><\/td><td class=\"column-2\"><\/td><td class=\"column-3\"><\/td><td class=\"column-4\"><\/td><td class=\"column-5\"><\/td><td class=\"column-6\"><\/td>\n<\/tr>\n<tr class=\"row-21 odd\">\n\t<td class=\"column-1\">PORTUGU\u00c9S<\/td><td class=\"column-2\">ELEMENTAL<br \/>\nPREINTERMEDIO<br \/>\nINTERMEDIO<\/td><td class=\"column-3\">Escrito y Oral<br \/>\nMi\u00e9rcoles 18 de febrero<br \/>\n18:00 h<\/td><td class=\"column-4\">VIRTUAL<\/td><td class=\"column-5\">Viernes 13 de febrero<\/td><td class=\"column-6\">Gramuglia<br \/>\nQuilleauquy<br \/>\n<\/td>\n<\/tr>\n<tr class=\"row-22 even\">\n\t<td class=\"column-1\">PORTUGU\u00c9S<\/td><td class=\"column-2\">ELEMENTAL<br \/>\r\nPREINTERMEDIO<br \/>\r\nINTERMEDIO<\/td><td class=\"column-3\">Escrito y Oral<br \/>\r\nMi\u00e9rcoles 25 de febrero<br \/>\r\n10:00 h<\/td><td class=\"column-4\">Sala Multimedial 3<br \/>\r\n(Pinto 399, 3\u00b0 piso)<\/td><td class=\"column-5\">Viernes 20 de febrero<\/td><td class=\"column-6\">Gramuglia<br \/>\r\nQuilleauquy<br \/>\r\n<\/td>\n<\/tr>\n<tr class=\"row-23 odd\">\n\t<td class=\"column-1\"><\/td><td class=\"column-2\"><\/td><td class=\"column-3\"><\/td><td class=\"column-4\"><\/td><td class=\"column-5\"><\/td><td class=\"column-6\"><\/td>\n<\/tr>\n<tr class=\"row-24 even\">\n\t<td class=\"column-1\">ESPA\u00d1OL PARA EXTRANJEROS<\/td><td class=\"column-2\">PRINCIPIANTE<br \/>\nELEMENTAL<br \/>\nPREINTERMEDIO<br \/>\nINTERMEDIO<\/td><td class=\"column-3\">Escrito y Oral<br \/>\nLunes 23 de febrero<br \/>\n09:00 h<\/td><td class=\"column-4\">VIRTUAL<\/td><td class=\"column-5\">Mi\u00e9rcoles 18 de febrero<\/td><td class=\"column-6\">Larrocca<br \/>\nIsern<\/td>\n<\/tr>\n<\/tbody>\n<\/table>\n<!-- #tablepress-33 from cache --><h3>\u00a0 \u00a0 \u00a0 \u00a0 \u00a0 \u00a0 \u00a0 \u00a0 \u00a0 \u00a0 \u00a0 \u00a0 \u00a0 \u00a0 \u00a0 \u00a0 \u00a0 \u00a0 \u00a0 \u00a0 \u00a0 \u00a0 \u00a0 \u00a0 \u00a0 \u00a0 \u00a0 \u00a0<b style=\"font-size: 19px;\">\u00a0 \u00a0 \u00a0 \u00a0 \u00a0 \u00a0 \u00a0 \u00a0 \u00a0 \u00a0 \u00a0 \u00a0 \u00a0 \u00a0 \u00a0 \u00a0 \u00a0 \u00a0 \u00a0 \u00a0 \u00a0 \u00a0 \u00a0 \u00a0 \u00a0 \u00a0 \u00a0 \u00a0 \u00a0 \u00a0 \u00a0\u00a0<\/b><\/h3>\t\t\t\t\t\t<\/div>\n\t\t\t\t<\/div>\n\t\t\t\t\t<\/div>\n\t\t<\/div>\n\t\t\t\t\t<\/div>\n\t\t<\/section>\n\t\t\t\t<section class=\"elementor-section elementor-top-section elementor-element elementor-element-1d014f4 elementor-section-boxed elementor-section-height-default elementor-section-height-default\" data-id=\"1d014f4\" data-element_type=\"section\">\n\t\t\t\t\t\t<div class=\"elementor-container elementor-column-gap-default\">\n\t\t\t\t\t<div class=\"elementor-column elementor-col-100 elementor-top-column elementor-element elementor-element-afc0033\" data-id=\"afc0033\" data-element_type=\"column\">\n\t\t\t<div class=\"elementor-widget-wrap elementor-element-populated\">\n\t\t\t\t\t\t\t<\/div>\n\t\t<\/div>\n\t\t\t\t\t<\/div>\n\t\t<\/section>\n\t\t\t\t<\/div>\n\t\t","protected":false},"excerpt":{"rendered":"<p>Inscripci\u00f3n a ex\u00e1menes finales La inscripci\u00f3n a los ex\u00e1menes finales es de car\u00e1cter obligatorio para las y los estudiantes del Departamento de Lenguas. Se realiza a trav\u00e9s del formulario on line hasta 72 h h\u00e1biles previas a la fecha del examen. En caso de no presentarse, se deber\u00e1 dar aviso a la Secretar\u00eda Administrativa mediante correo electr\u00f3nico 24 h previas [&hellip;]<\/p>\n","protected":false},"author":1,"featured_media":0,"parent":0,"menu_order":0,"comment_status":"closed","ping_status":"closed","template":"page-templates\/full-width-container.php","meta":{"footnotes":""},"class_list":["post-129","page","type-page","status-publish","hentry"],"_links":{"self":[{"href":"https:\/\/lenguas.unicen.edu.ar\/index.php?rest_route=\/wp\/v2\/pages\/129","targetHints":{"allow":["GET"]}}],"collection":[{"href":"https:\/\/lenguas.unicen.edu.ar\/index.php?rest_route=\/wp\/v2\/pages"}],"about":[{"href":"https:\/\/lenguas.unicen.edu.ar\/index.php?rest_route=\/wp\/v2\/types\/page"}],"author":[{"embeddable":true,"href":"https:\/\/lenguas.unicen.edu.ar\/index.php?rest_route=\/wp\/v2\/users\/1"}],"replies":[{"embeddable":true,"href":"https:\/\/lenguas.unicen.edu.ar\/index.php?rest_route=%2Fwp%2Fv2%2Fcomments&post=129"}],"version-history":[{"count":411,"href":"https:\/\/lenguas.unicen.edu.ar\/index.php?rest_route=\/wp\/v2\/pages\/129\/revisions"}],"predecessor-version":[{"id":3858,"href":"https:\/\/lenguas.unicen.edu.ar\/index.php?rest_route=\/wp\/v2\/pages\/129\/revisions\/3858"}],"wp:attachment":[{"href":"https:\/\/lenguas.unicen.edu.ar\/index.php?rest_route=%2Fwp%2Fv2%2Fmedia&parent=129"}],"curies":[{"name":"wp","href":"https:\/\/api.w.org\/{rel}","templated":true}]}}