{"id":105,"date":"2020-11-14T12:30:31","date_gmt":"2020-11-14T12:30:31","guid":{"rendered":"https:\/\/lenguas.nuevo.unicen.edu.ar\/?page_id=105"},"modified":"2026-03-18T16:23:36","modified_gmt":"2026-03-18T16:23:36","slug":"frances","status":"publish","type":"page","link":"https:\/\/lenguas.unicen.edu.ar\/?page_id=105","title":{"rendered":"Franc\u00e9s"},"content":{"rendered":"\t\t<div data-elementor-type=\"wp-page\" data-elementor-id=\"105\" class=\"elementor elementor-105\">\n\t\t\t\t\t\t<section class=\"elementor-section elementor-top-section elementor-element elementor-element-92df7f0 elementor-section-boxed elementor-section-height-default elementor-section-height-default\" data-id=\"92df7f0\" data-element_type=\"section\">\n\t\t\t\t\t\t<div class=\"elementor-container elementor-column-gap-default\">\n\t\t\t\t\t<div class=\"elementor-column elementor-col-100 elementor-top-column elementor-element elementor-element-ee8b8bd\" data-id=\"ee8b8bd\" data-element_type=\"column\">\n\t\t\t<div class=\"elementor-widget-wrap elementor-element-populated\">\n\t\t\t\t\t\t<div class=\"elementor-element elementor-element-874a4bf elementor-widget elementor-widget-heading\" data-id=\"874a4bf\" data-element_type=\"widget\" data-widget_type=\"heading.default\">\n\t\t\t\t<div class=\"elementor-widget-container\">\n\t\t\t<h2 class=\"elementor-heading-title elementor-size-default\">FRANC\u00c9S<\/h2>\t\t<\/div>\n\t\t\t\t<\/div>\n\t\t\t\t\t<\/div>\n\t\t<\/div>\n\t\t\t\t\t<\/div>\n\t\t<\/section>\n\t\t\t\t<section class=\"elementor-section elementor-top-section elementor-element elementor-element-ce863c4 elementor-section-boxed elementor-section-height-default elementor-section-height-default\" data-id=\"ce863c4\" data-element_type=\"section\">\n\t\t\t\t\t\t<div class=\"elementor-container elementor-column-gap-default\">\n\t\t\t\t\t<div class=\"elementor-column elementor-col-100 elementor-top-column elementor-element elementor-element-5b0dd54\" data-id=\"5b0dd54\" data-element_type=\"column\">\n\t\t\t<div class=\"elementor-widget-wrap elementor-element-populated\">\n\t\t\t\t\t\t<div class=\"elementor-element elementor-element-272b8d6 elementor-widget elementor-widget-heading\" data-id=\"272b8d6\" data-element_type=\"widget\" data-widget_type=\"heading.default\">\n\t\t\t\t<div class=\"elementor-widget-container\">\n\t\t\t<h2 class=\"elementor-heading-title elementor-size-default\">Programas<\/h2>\t\t<\/div>\n\t\t\t\t<\/div>\n\t\t\t\t<div class=\"elementor-element elementor-element-b634c39 elementor-widget elementor-widget-accordion\" data-id=\"b634c39\" data-element_type=\"widget\" data-widget_type=\"accordion.default\">\n\t\t\t\t<div class=\"elementor-widget-container\">\n\t\t\t\t\t<div class=\"elementor-accordion\">\n\t\t\t\t\t\t\t<div class=\"elementor-accordion-item\">\n\t\t\t\t\t<div id=\"elementor-tab-title-1911\" class=\"elementor-tab-title\" data-tab=\"1\" role=\"button\" aria-controls=\"elementor-tab-content-1911\" aria-expanded=\"false\">\n\t\t\t\t\t\t\t\t\t\t\t\t\t<span class=\"elementor-accordion-icon elementor-accordion-icon-left\" aria-hidden=\"true\">\n\t\t\t\t\t\t\t\t\t\t\t\t\t\t\t<span class=\"elementor-accordion-icon-closed\"><i class=\"fas fa-plus\"><\/i><\/span>\n\t\t\t\t\t\t\t\t<span class=\"elementor-accordion-icon-opened\"><i class=\"fas fa-minus\"><\/i><\/span>\n\t\t\t\t\t\t\t\t\t\t\t\t\t\t<\/span>\n\t\t\t\t\t\t\t\t\t\t\t\t<a class=\"elementor-accordion-title\" tabindex=\"0\">Programas 2024<\/a>\n\t\t\t\t\t<\/div>\n\t\t\t\t\t<div id=\"elementor-tab-content-1911\" class=\"elementor-tab-content elementor-clearfix\" data-tab=\"1\" role=\"region\" aria-labelledby=\"elementor-tab-title-1911\"><p><a href=\"https:\/\/docs.google.com\/document\/d\/1SZqZXIN5H--ydKLLtKDs_XJ0OJAQkSob\/edit?usp=drive_link&amp;ouid=115372138134198733971&amp;rtpof=true&amp;sd=true\" target=\"_blank\">Franc\u00e9s Elemental<\/a><br><\/p>\n<p><a href=\"https:\/\/docs.google.com\/document\/d\/1J68OjRx6MCnsRh04ERdR1W1y-MqenosC\/edit?usp=drive_link&amp;ouid=115372138134198733971&amp;rtpof=true&amp;sd=true\" target=\"_blank\">Franc\u00e9s Elemental (virtual)<\/a><br><\/p>\n<p><a href=\"https:\/\/docs.google.com\/document\/d\/1_rHHUU8gpdytrKuedEuXrwvb7Uqi5U7v\/edit?usp=drive_link&amp;ouid=115372138134198733971&amp;rtpof=true&amp;sd=true\" target=\"_blank\">Franc\u00e9s Preintermedio<\/a><br><\/p><p><a href=\"https:\/\/docs.google.com\/document\/d\/1Jt1_whD8T2xebVgMAy8o-MmIbve8_EdE\/edit?usp=drive_link&amp;ouid=115372138134198733971&amp;rtpof=true&amp;sd=true\" target=\"_blank\">Franc\u00e9s &#8220;Charlemos en la Uni&#8221;<\/a><br><\/p><\/div>\n\t\t\t\t<\/div>\n\t\t\t\t\t\t\t<div class=\"elementor-accordion-item\">\n\t\t\t\t\t<div id=\"elementor-tab-title-1912\" class=\"elementor-tab-title\" data-tab=\"2\" role=\"button\" aria-controls=\"elementor-tab-content-1912\" aria-expanded=\"false\">\n\t\t\t\t\t\t\t\t\t\t\t\t\t<span class=\"elementor-accordion-icon elementor-accordion-icon-left\" aria-hidden=\"true\">\n\t\t\t\t\t\t\t\t\t\t\t\t\t\t\t<span class=\"elementor-accordion-icon-closed\"><i class=\"fas fa-plus\"><\/i><\/span>\n\t\t\t\t\t\t\t\t<span class=\"elementor-accordion-icon-opened\"><i class=\"fas fa-minus\"><\/i><\/span>\n\t\t\t\t\t\t\t\t\t\t\t\t\t\t<\/span>\n\t\t\t\t\t\t\t\t\t\t\t\t<a class=\"elementor-accordion-title\" tabindex=\"0\">Programas 2023<\/a>\n\t\t\t\t\t<\/div>\n\t\t\t\t\t<div id=\"elementor-tab-content-1912\" class=\"elementor-tab-content elementor-clearfix\" data-tab=\"2\" role=\"region\" aria-labelledby=\"elementor-tab-title-1912\"><\/div>\n\t\t\t\t<\/div>\n\t\t\t\t\t\t\t<div class=\"elementor-accordion-item\">\n\t\t\t\t\t<div id=\"elementor-tab-title-1913\" class=\"elementor-tab-title\" data-tab=\"3\" role=\"button\" aria-controls=\"elementor-tab-content-1913\" aria-expanded=\"false\">\n\t\t\t\t\t\t\t\t\t\t\t\t\t<span class=\"elementor-accordion-icon elementor-accordion-icon-left\" aria-hidden=\"true\">\n\t\t\t\t\t\t\t\t\t\t\t\t\t\t\t<span class=\"elementor-accordion-icon-closed\"><i class=\"fas fa-plus\"><\/i><\/span>\n\t\t\t\t\t\t\t\t<span class=\"elementor-accordion-icon-opened\"><i class=\"fas fa-minus\"><\/i><\/span>\n\t\t\t\t\t\t\t\t\t\t\t\t\t\t<\/span>\n\t\t\t\t\t\t\t\t\t\t\t\t<a class=\"elementor-accordion-title\" tabindex=\"0\">Programas 2019\/2020<\/a>\n\t\t\t\t\t<\/div>\n\t\t\t\t\t<div id=\"elementor-tab-content-1913\" class=\"elementor-tab-content elementor-clearfix\" data-tab=\"3\" role=\"region\" aria-labelledby=\"elementor-tab-title-1913\"><p><script> \njQuery(document).ready(function($) { \nvar delay = 100; setTimeout(function() { \n$('.elementor-tab-title').removeClass('elementor-active');\n $('.elementor-tab-content').css('display', 'none'); }, delay); \n}); \n<\/script><\/p><p><a href=\"https:\/\/drive.google.com\/file\/d\/1VMxj20EP6l7D3LNX56zfKbbzxKIqqngF\/view?usp=sharing\" target=\"_blank\" rel=\"noopener\">Franc\u00e9s Elemental<\/a><\/p><p><a href=\"https:\/\/drive.google.com\/file\/d\/1FwJuzweWiKSnGiFHxC5sD_3BUk5JVaci\/view?usp=sharing\" target=\"_blank\" rel=\"noopener\">Franc\u00e9s Preintermedio<\/a><\/p><p><a href=\"https:\/\/drive.google.com\/file\/d\/1goFjQBhS-32oxtiNXckoRGE269BC6V1h\/view?usp=sharing\" target=\"_blank\" rel=\"noopener\">Franc\u00e9s Especifico<\/a><\/p><\/div>\n\t\t\t\t<\/div>\n\t\t\t\t\t\t\t\t<\/div>\n\t\t\t\t<\/div>\n\t\t\t\t<\/div>\n\t\t\t\t\t<\/div>\n\t\t<\/div>\n\t\t\t\t\t<\/div>\n\t\t<\/section>\n\t\t\t\t<section class=\"elementor-section elementor-top-section elementor-element elementor-element-91b6215 elementor-section-boxed elementor-section-height-default elementor-section-height-default\" data-id=\"91b6215\" data-element_type=\"section\">\n\t\t\t\t\t\t<div class=\"elementor-container elementor-column-gap-default\">\n\t\t\t\t\t<div class=\"elementor-column elementor-col-100 elementor-top-column elementor-element elementor-element-d96ae30\" data-id=\"d96ae30\" data-element_type=\"column\">\n\t\t\t<div class=\"elementor-widget-wrap elementor-element-populated\">\n\t\t\t\t\t\t<div class=\"elementor-element elementor-element-f7fe2f7 elementor-widget elementor-widget-heading\" data-id=\"f7fe2f7\" data-element_type=\"widget\" data-widget_type=\"heading.default\">\n\t\t\t\t<div class=\"elementor-widget-container\">\n\t\t\t<h2 class=\"elementor-heading-title elementor-size-default\">ELEMENTAL<\/h2>\t\t<\/div>\n\t\t\t\t<\/div>\n\t\t\t\t<div class=\"elementor-element elementor-element-aaf8863 elementor-widget elementor-widget-text-editor\" data-id=\"aaf8863\" data-element_type=\"widget\" data-widget_type=\"text-editor.default\">\n\t\t\t\t<div class=\"elementor-widget-container\">\n\t\t\t\t\t\t\t\n<table id=\"tablepress-12\" class=\"tablepress tablepress-id-12\">\n<thead>\n<tr class=\"row-1 odd\">\n\t<th class=\"column-1\">Nivel<\/th><th class=\"column-2\">Docente<\/th><th class=\"column-3\">D\u00edas<\/th><th class=\"column-4\">Lugar<\/th><th class=\"column-5\">Horario<\/th><th class=\"column-6\">Fecha de inicio<br \/>\n2026<\/th>\n<\/tr>\n<\/thead>\n<tbody class=\"row-hover\">\n<tr class=\"row-2 even\">\n\t<td class=\"column-1\">ELEMENTAL<br \/>\nComisi\u00f3n A<br \/>\n<p style=\"color:Tomato;\"><strong>VIRTUAL<\/strong><\/p><\/td><td class=\"column-2\">QUILLEAUQUY, In\u00e9s<\/td><td class=\"column-3\">Lunes y Mi\u00e9rcoles<\/td><td class=\"column-4\"><p style=\"color:Tomato;\"><strong>VIRTUAL<\/strong><\/p><\/td><td class=\"column-5\">16:00 a 17:30<\/td><td class=\"column-6\">mi\u00e9rcoles 25 de marzo<\/td>\n<\/tr>\n<tr class=\"row-3 odd\">\n\t<td class=\"column-1\">ELEMENTAL<br \/>\nComisi\u00f3n B<\/td><td class=\"column-2\">POLONI, Mar\u00eda Cecilia<\/td><td class=\"column-3\">Martes y Viernes<\/td><td class=\"column-4\">ADUNCE (Pinto 399, 2\u00b0 piso)<\/td><td class=\"column-5\">08:00 a 09:30<\/td><td class=\"column-6\">viernes 27 de marzo<\/td>\n<\/tr>\n<\/tbody>\n<\/table>\n<!-- #tablepress-12 from cache -->\t\t\t\t\t\t<\/div>\n\t\t\t\t<\/div>\n\t\t\t\t\t<\/div>\n\t\t<\/div>\n\t\t\t\t\t<\/div>\n\t\t<\/section>\n\t\t\t\t<section class=\"elementor-section elementor-top-section elementor-element elementor-element-8d3b114 elementor-section-boxed elementor-section-height-default elementor-section-height-default\" data-id=\"8d3b114\" data-element_type=\"section\">\n\t\t\t\t\t\t<div class=\"elementor-container elementor-column-gap-default\">\n\t\t\t\t\t<div class=\"elementor-column elementor-col-100 elementor-top-column elementor-element elementor-element-510dbc5\" data-id=\"510dbc5\" data-element_type=\"column\">\n\t\t\t<div class=\"elementor-widget-wrap elementor-element-populated\">\n\t\t\t\t\t\t<div class=\"elementor-element elementor-element-da1d060 elementor-widget elementor-widget-heading\" data-id=\"da1d060\" data-element_type=\"widget\" data-widget_type=\"heading.default\">\n\t\t\t\t<div class=\"elementor-widget-container\">\n\t\t\t<h2 class=\"elementor-heading-title elementor-size-default\">PREINTERMEDIO<\/h2>\t\t<\/div>\n\t\t\t\t<\/div>\n\t\t\t\t<div class=\"elementor-element elementor-element-6619c95 elementor-widget elementor-widget-text-editor\" data-id=\"6619c95\" data-element_type=\"widget\" data-widget_type=\"text-editor.default\">\n\t\t\t\t<div class=\"elementor-widget-container\">\n\t\t\t\t\t\t\t\n<table id=\"tablepress-19\" class=\"tablepress tablepress-id-19\">\n<thead>\n<tr class=\"row-1 odd\">\n\t<th class=\"column-1\">Nivel<\/th><th class=\"column-2\">Docente<\/th><th class=\"column-3\">D\u00edas<\/th><th class=\"column-4\">Lugar<\/th><th class=\"column-5\">Horario<\/th><th class=\"column-6\">Fecha de inicio<br \/>\n2026<\/th>\n<\/tr>\n<\/thead>\n<tbody class=\"row-hover\">\n<tr class=\"row-2 even\">\n\t<td class=\"column-1\">PREINTERMEDIO<br \/>\n<p style=\"color:Tomato;\"><strong>VIRTUAL<\/strong><\/p><\/td><td class=\"column-2\">POLONI, Mar\u00eda Cecilia<\/td><td class=\"column-3\">Martes y Jueves<\/td><td class=\"column-4\"><p style=\"color:Tomato;\"><strong>VIRTUAL<\/strong><\/p><\/td><td class=\"column-5\">16:00 a 17:30<\/td><td class=\"column-6\"><\/td>\n<\/tr>\n<\/tbody>\n<\/table>\n<!-- #tablepress-19 from cache -->\t\t\t\t\t\t<\/div>\n\t\t\t\t<\/div>\n\t\t\t\t\t<\/div>\n\t\t<\/div>\n\t\t\t\t\t<\/div>\n\t\t<\/section>\n\t\t\t\t<section class=\"elementor-section elementor-top-section elementor-element elementor-element-a980887 elementor-section-boxed elementor-section-height-default elementor-section-height-default\" data-id=\"a980887\" data-element_type=\"section\">\n\t\t\t\t\t\t<div class=\"elementor-container elementor-column-gap-default\">\n\t\t\t\t\t<div class=\"elementor-column elementor-col-100 elementor-top-column elementor-element elementor-element-62f3495\" data-id=\"62f3495\" data-element_type=\"column\">\n\t\t\t<div class=\"elementor-widget-wrap elementor-element-populated\">\n\t\t\t\t\t\t<div class=\"elementor-element elementor-element-51e3284 elementor-widget elementor-widget-heading\" data-id=\"51e3284\" data-element_type=\"widget\" data-widget_type=\"heading.default\">\n\t\t\t\t<div class=\"elementor-widget-container\">\n\t\t\t<h2 class=\"elementor-heading-title elementor-size-default\">INTERMEDIO<\/h2>\t\t<\/div>\n\t\t\t\t<\/div>\n\t\t\t\t<div class=\"elementor-element elementor-element-67fa4e4 elementor-widget elementor-widget-text-editor\" data-id=\"67fa4e4\" data-element_type=\"widget\" data-widget_type=\"text-editor.default\">\n\t\t\t\t<div class=\"elementor-widget-container\">\n\t\t\t\t\t\t\t\n<table id=\"tablepress-23\" class=\"tablepress tablepress-id-23\">\n<thead>\n<tr class=\"row-1 odd\">\n\t<th class=\"column-1\">Nivel<\/th><th class=\"column-2\">Docente<\/th><th class=\"column-3\">D\u00edas<\/th><th class=\"column-4\">Lugar<\/th><th class=\"column-5\">Horario<\/th><th class=\"column-6\">Fecha de inicio<br \/>\n2026<\/th>\n<\/tr>\n<\/thead>\n<tbody class=\"row-hover\">\n<tr class=\"row-2 even\">\n\t<td class=\"column-1\">INTERMEDIO<\/td><td class=\"column-2\">POLONI, Mar\u00eda Cecilia<\/td><td class=\"column-3\">Martes y Jueves<\/td><td class=\"column-4\"><p style=\"color:Tomato;\"><strong>VIRTUAL<\/strong><\/p><\/td><td class=\"column-5\">16:00 a 17:30<\/td><td class=\"column-6\"><\/td>\n<\/tr>\n<\/tbody>\n<\/table>\n<!-- #tablepress-23 from cache -->\t\t\t\t\t\t<\/div>\n\t\t\t\t<\/div>\n\t\t\t\t\t<\/div>\n\t\t<\/div>\n\t\t\t\t\t<\/div>\n\t\t<\/section>\n\t\t\t\t<\/div>\n\t\t","protected":false},"excerpt":{"rendered":"<p>FRANC\u00c9S Programas Programas 2024 Franc\u00e9s Elemental Franc\u00e9s Elemental (virtual) Franc\u00e9s Preintermedio Franc\u00e9s &#8220;Charlemos en la Uni&#8221; Programas 2023 Programas 2019\/2020 Franc\u00e9s Elemental Franc\u00e9s Preintermedio Franc\u00e9s Especifico ELEMENTAL PREINTERMEDIO INTERMEDIO<\/p>\n","protected":false},"author":1,"featured_media":0,"parent":0,"menu_order":0,"comment_status":"closed","ping_status":"closed","template":"page-templates\/full-width-container.php","meta":{"footnotes":""},"class_list":["post-105","page","type-page","status-publish","hentry"],"_links":{"self":[{"href":"https:\/\/lenguas.unicen.edu.ar\/index.php?rest_route=\/wp\/v2\/pages\/105","targetHints":{"allow":["GET"]}}],"collection":[{"href":"https:\/\/lenguas.unicen.edu.ar\/index.php?rest_route=\/wp\/v2\/pages"}],"about":[{"href":"https:\/\/lenguas.unicen.edu.ar\/index.php?rest_route=\/wp\/v2\/types\/page"}],"author":[{"embeddable":true,"href":"https:\/\/lenguas.unicen.edu.ar\/index.php?rest_route=\/wp\/v2\/users\/1"}],"replies":[{"embeddable":true,"href":"https:\/\/lenguas.unicen.edu.ar\/index.php?rest_route=%2Fwp%2Fv2%2Fcomments&post=105"}],"version-history":[{"count":86,"href":"https:\/\/lenguas.unicen.edu.ar\/index.php?rest_route=\/wp\/v2\/pages\/105\/revisions"}],"predecessor-version":[{"id":3916,"href":"https:\/\/lenguas.unicen.edu.ar\/index.php?rest_route=\/wp\/v2\/pages\/105\/revisions\/3916"}],"wp:attachment":[{"href":"https:\/\/lenguas.unicen.edu.ar\/index.php?rest_route=%2Fwp%2Fv2%2Fmedia&parent=105"}],"curies":[{"name":"wp","href":"https:\/\/api.w.org\/{rel}","templated":true}]}}