{"id":102,"date":"2020-11-14T12:33:59","date_gmt":"2020-11-14T12:33:59","guid":{"rendered":"https:\/\/lenguas.nuevo.unicen.edu.ar\/?page_id=102"},"modified":"2026-04-29T15:05:21","modified_gmt":"2026-04-29T15:05:21","slug":"equipo-de-trabajo","status":"publish","type":"page","link":"https:\/\/lenguas.unicen.edu.ar\/?page_id=102","title":{"rendered":"Equipo de trabajo"},"content":{"rendered":"\t\t<div data-elementor-type=\"wp-page\" data-elementor-id=\"102\" class=\"elementor elementor-102\">\n\t\t\t\t\t\t<section class=\"elementor-section elementor-top-section elementor-element elementor-element-5a8bb96e elementor-section-boxed elementor-section-height-default elementor-section-height-default\" data-id=\"5a8bb96e\" data-element_type=\"section\">\n\t\t\t\t\t\t<div class=\"elementor-container elementor-column-gap-default\">\n\t\t\t\t\t<div class=\"elementor-column elementor-col-100 elementor-top-column elementor-element elementor-element-3d8f4466\" data-id=\"3d8f4466\" data-element_type=\"column\">\n\t\t\t<div class=\"elementor-widget-wrap elementor-element-populated\">\n\t\t\t\t\t\t<div class=\"elementor-element elementor-element-4ff2e2 elementor-widget elementor-widget-text-editor\" data-id=\"4ff2e2\" data-element_type=\"widget\" data-widget_type=\"text-editor.default\">\n\t\t\t\t<div class=\"elementor-widget-container\">\n\t\t\t\t\t\t\t<p><b>Equipo de trabajo<\/b><\/p><p><b>DIRECTORA<\/b><\/p><p><span style=\"font-weight: 400;\">DI CROCE Soledad<\/span><\/p><p><b>COORDINADORAS<\/b><\/p><p><span style=\"font-weight: 400;\">BLANCHIMAN Giselle &#8211; \u00c1rea Ingl\u00e9s<\/span><\/p><p><span style=\"font-weight: 400;\">COLELLO Lorena &#8211; \u00c1rea Lectura, Escritura y Oralidad (LEO)<\/span><\/p><p><span style=\"font-weight: 400;\">MARTINENGHI Liliana &#8211; \u00c1rea ELSE y Lenguas Extranjeras<\/span><\/p><p><b>DOCENTES<\/b><\/p><p><b>ESPA\u00d1OL LENGUA MATERNA (LEO)<\/b><\/p><p>CALVO Manuela<\/p><p>GALB\u00c1N Ayel\u00e9n<\/p><p>ISERN Andrea<\/p><p><b>ESPA\u00d1OL LENGUA SEGUNDA Y EXTRANJERA (ELSE)<\/b><\/p><p><span style=\"font-weight: 400;\">ISERN Andrea<\/span><\/p><p>LARROCA Ignacia<\/p><p><b>LENGUAS EXTRANJERAS<\/b><\/p><p><b>FRANC\u00c9S<\/b><\/p><p><span style=\"font-weight: 400;\">POLONI Mar\u00eda Cecilia<\/span><\/p><p><span style=\"font-weight: 400;\">QUILLEHAUQUY In\u00e9s<\/span><\/p><p><b>INGL\u00c9S<\/b><\/p><p>ADDERLY, Javier<\/p><p>ARCE Agust\u00edn<\/p><p><span style=\"font-weight: 400;\">GABRIELO Valeria (sede Quequ\u00e9n)<\/span><\/p><p>GREGORINI Betiana<\/p><p><span style=\"font-weight: 400;\">G\u00d3MEZ Mauro<\/span><\/p><p><span style=\"font-weight: 400;\">HOLGADO, Roc\u00edo<\/span><\/p><p><span style=\"font-weight: 400;\">LISSARRAGUE Patricia<\/span><\/p><p>MORENO Luciana<\/p><p>VARELA Mariela<\/p><p><span style=\"font-weight: 400;\">VIDAGUREN Guadalupe<\/span><\/p><p><b>ITALIANO<\/b><\/p><p><span style=\"font-weight: 400;\">CUEVAS Laura<\/span><\/p><p><span style=\"font-weight: 400;\">MANERA Emilio<\/span><\/p><p><b>PORTUGU\u00c9S<\/b><\/p><p><span style=\"font-weight: 400;\">GRAMUGLIA Laura<\/span><\/p><p><b>PERSONAL ADMINISTRATIVO<\/b><\/p><p><span style=\"font-weight: 400;\">CENTINEO Ana<\/span><\/p><p>HERNANDORENA Marina<\/p><p>MART\u00cdNEZ Luc\u00eda<\/p><p><b>ASISTENTE DE LABORATORIO<\/b><\/p><p><span style=\"font-weight: 400;\">SEGURA F\u00e9lix Oscar<\/span><\/p>\t\t\t\t\t\t<\/div>\n\t\t\t\t<\/div>\n\t\t\t\t\t<\/div>\n\t\t<\/div>\n\t\t\t\t\t<\/div>\n\t\t<\/section>\n\t\t\t\t<\/div>\n\t\t","protected":false},"excerpt":{"rendered":"<p>Equipo de trabajo DIRECTORA DI CROCE Soledad COORDINADORAS BLANCHIMAN Giselle &#8211; \u00c1rea Ingl\u00e9s COLELLO Lorena &#8211; \u00c1rea Lectura, Escritura y Oralidad (LEO) MARTINENGHI Liliana &#8211; \u00c1rea ELSE y Lenguas Extranjeras DOCENTES ESPA\u00d1OL LENGUA MATERNA (LEO) CALVO Manuela GALB\u00c1N Ayel\u00e9n ISERN Andrea ESPA\u00d1OL LENGUA SEGUNDA Y EXTRANJERA (ELSE) ISERN Andrea LARROCA Ignacia LENGUAS EXTRANJERAS FRANC\u00c9S POLONI Mar\u00eda Cecilia QUILLEHAUQUY In\u00e9s INGL\u00c9S [&hellip;]<\/p>\n","protected":false},"author":1,"featured_media":0,"parent":0,"menu_order":0,"comment_status":"closed","ping_status":"closed","template":"","meta":{"footnotes":""},"class_list":["post-102","page","type-page","status-publish","hentry"],"_links":{"self":[{"href":"https:\/\/lenguas.unicen.edu.ar\/index.php?rest_route=\/wp\/v2\/pages\/102","targetHints":{"allow":["GET"]}}],"collection":[{"href":"https:\/\/lenguas.unicen.edu.ar\/index.php?rest_route=\/wp\/v2\/pages"}],"about":[{"href":"https:\/\/lenguas.unicen.edu.ar\/index.php?rest_route=\/wp\/v2\/types\/page"}],"author":[{"embeddable":true,"href":"https:\/\/lenguas.unicen.edu.ar\/index.php?rest_route=\/wp\/v2\/users\/1"}],"replies":[{"embeddable":true,"href":"https:\/\/lenguas.unicen.edu.ar\/index.php?rest_route=%2Fwp%2Fv2%2Fcomments&post=102"}],"version-history":[{"count":67,"href":"https:\/\/lenguas.unicen.edu.ar\/index.php?rest_route=\/wp\/v2\/pages\/102\/revisions"}],"predecessor-version":[{"id":3967,"href":"https:\/\/lenguas.unicen.edu.ar\/index.php?rest_route=\/wp\/v2\/pages\/102\/revisions\/3967"}],"wp:attachment":[{"href":"https:\/\/lenguas.unicen.edu.ar\/index.php?rest_route=%2Fwp%2Fv2%2Fmedia&parent=102"}],"curies":[{"name":"wp","href":"https:\/\/api.w.org\/{rel}","templated":true}]}}